{"id":4402,"date":"2020-06-02T08:39:52","date_gmt":"2020-06-02T08:39:52","guid":{"rendered":"https:\/\/www.blattmannschweiz.com\/produkte\/suessstoffe\/invertzucker\/"},"modified":"2020-06-03T12:04:45","modified_gmt":"2020-06-03T12:04:45","slug":"invertzucker","status":"publish","type":"page","link":"https:\/\/www.blattmannschweiz.com\/de\/produkte\/suessstoffe\/invertzucker\/","title":{"rendered":"Invertzucker"},"content":{"rendered":"<p>[et_pb_section fb_built=&#8220;1&#8243; _builder_version=&#8220;3.22&#8243; background_image=&#8220;https:\/\/www.blattmannschweiz.com\/wp-content\/uploads\/2017\/10\/sweeteners.jpg&#8220; custom_padding=&#8220;221px|0px|0px|0px&#8220;][et_pb_row _builder_version=&#8220;3.25&#8243;][et_pb_column type=&#8220;4_4&#8243; _builder_version=&#8220;3.25&#8243; custom_padding=&#8220;|||&#8220; custom_padding__hover=&#8220;|||&#8220;][et_pb_text _builder_version=&#8220;4.4.7&#8243; header_font=&#8220;||||on&#8220; header_text_color=&#8220;#ffffff&#8220; header_font_size=&#8220;48px&#8220;]<\/p>\n<h1>Invertzucker<\/h1>\n<p>[\/et_pb_text][\/et_pb_column][\/et_pb_row][\/et_pb_section][et_pb_section fb_built=&#8220;1&#8243; _builder_version=&#8220;3.22&#8243; background_color=&#8220;#fafafa&#8220; custom_padding=&#8220;50px|0px|50px|0px&#8220;][et_pb_row column_structure=&#8220;1_2,1_2&#8243; _builder_version=&#8220;3.25&#8243;][et_pb_column type=&#8220;1_2&#8243; _builder_version=&#8220;3.25&#8243; custom_padding=&#8220;|||&#8220; custom_padding__hover=&#8220;|||&#8220;][et_pb_text _builder_version=&#8220;4.4.7&#8243; custom_margin=&#8220;|||&#8220; custom_padding=&#8220;|||&#8220; border_width_bottom=&#8220;4px&#8220; border_color_bottom=&#8220;#e7ca71&#8243;]<\/p>\n<h1 style=\"text-align: center;\">Invertzucker<\/h1>\n<p>[\/et_pb_text][et_pb_text _builder_version=&#8220;4.4.7&#8243; custom_padding=&#8220;|2%||2%|false|false&#8220;]enth\u00e4lt eine ausgewogene Mischung von Glukose, Fruktose und Saccharose. Dadurch hat dieser Sirup eine sehr hohe S\u00fc\u00dfkraft sowie dem Honig \u00e4hnliche Eigenschaften.<\/p>\n<p><strong>Aussehen:<\/strong> gelbliche, viskose Fl\u00fcssigkeit<br \/>\n<strong>Geruch:<\/strong> rein, s\u00fcss<br \/>\n<strong>Geschmack:<\/strong> rein, s\u00fcss[\/et_pb_text][\/et_pb_column][et_pb_column type=&#8220;1_2&#8243; _builder_version=&#8220;3.25&#8243; custom_padding=&#8220;|||&#8220; custom_padding__hover=&#8220;|||&#8220;][et_pb_text _builder_version=&#8220;4.4.7&#8243; custom_margin=&#8220;52px|||||&#8220;]<\/p>\n<table width=\"580\">\n<tbody>\n<tr>\n<td style=\"width: 205px; text-align: center;\"><a href=\"http:\/\/www.blattmannschweiz.com\/wp-content\/uploads\/2017\/10\/organic.png\"><img decoding=\"async\" class=\"wp-image-1950 alignnone size-full lazyload\" data-src=\"https:\/\/www.blattmannschweiz.com\/wp-content\/uploads\/2017\/10\/organic.png\" alt=\"Blattmann Schweiz Organic Quality\" width=\"80\" height=\"80\" src=\"data:image\/gif;base64,R0lGODlhAQABAAAAACH5BAEKAAEALAAAAAABAAEAAAICTAEAOw==\" style=\"--smush-placeholder-width: 80px; --smush-placeholder-aspect-ratio: 80\/80;\" \/><\/a><\/td>\n<td style=\"width: 359px;\">\n<h4>Bio-Qualit\u00e4t<\/h4>\n<ul>\n<li><strong>AGENABON<span style=\"color: #e02b20;\">*<\/span> 20.138<\/strong><br \/>\nInvertzuckersirup<\/li>\n<\/ul>\n<\/td>\n<\/tr>\n<\/tbody>\n<\/table>\n<p>[\/et_pb_text][et_pb_text _builder_version=&#8220;4.4.7&#8243; custom_padding=&#8220;|2%||2%|false|false&#8220; global_module=&#8220;4434&#8243;]<\/p>\n<p><strong><span style=\"color: #ff0000;\">*<\/span><\/strong> Product only available in Switzerland and Lichtenstein<\/p>\n<p>[\/et_pb_text][\/et_pb_column][\/et_pb_row][et_pb_row column_structure=&#8220;1_2,1_2&#8243; _builder_version=&#8220;3.25&#8243;][et_pb_column type=&#8220;1_2&#8243; _builder_version=&#8220;3.25&#8243; custom_padding=&#8220;|||&#8220; custom_padding__hover=&#8220;|||&#8220;][et_pb_text _builder_version=&#8220;4.4.7&#8243; border_width_bottom=&#8220;4px&#8220; border_color_bottom=&#8220;#e7ca71&#8243;]<\/p>\n<h2 style=\"text-align: center;\">Eigenschaften<\/h2>\n<p>[\/et_pb_text][et_pb_text _builder_version=&#8220;4.4.7&#8243; custom_padding=&#8220;|2%||2%|false|false&#8220;]<\/p>\n<ul>\n<li>Hohe S\u00fcsse<\/li>\n<li>Verbesserung der Textur &amp; Struktur<\/li>\n<li>Br\u00e4unungsteuerung<\/li>\n<li>Feuchthaltemittel<\/li>\n<\/ul>\n<p>[\/et_pb_text][\/et_pb_column][et_pb_column type=&#8220;1_2&#8243; _builder_version=&#8220;3.25&#8243; custom_padding=&#8220;|||&#8220; custom_padding__hover=&#8220;|||&#8220;][et_pb_text _builder_version=&#8220;4.4.7&#8243; border_width_bottom=&#8220;4px&#8220; border_color_bottom=&#8220;#e7ca71&#8243;]<\/p>\n<h3 style=\"text-align: center;\">Anwendungen<\/h3>\n<p>[\/et_pb_text][et_pb_text _builder_version=&#8220;4.4.7&#8243; custom_padding=&#8220;|2%||2%|false|false&#8220;]<\/p>\n<ul>\n<li>F\u00fcllungen f\u00fcr Schokoladehohlk\u00f6rper<\/li>\n<li>Dauerbackwaren<\/li>\n<li>Kuchen<\/li>\n<li>S\u00fc\u00dfwaren<\/li>\n<li>Fruchtzubereitungen<\/li>\n<li>Fruchts\u00e4fte und Fruchtsaftkonzentrate<\/li>\n<li>Speiseeis<\/li>\n<\/ul>\n<p>[\/et_pb_text][\/et_pb_column][\/et_pb_row][\/et_pb_section]<\/p>\n","protected":false},"excerpt":{"rendered":"<p>InvertzuckerInvertzuckerenth\u00e4lt eine ausgewogene Mischung von Glukose, Fruktose und Saccharose. Dadurch hat dieser Sirup eine sehr hohe S\u00fc\u00dfkraft sowie dem Honig \u00e4hnliche Eigenschaften. Aussehen: gelbliche, viskose Fl\u00fcssigkeit Geruch: rein, s\u00fcss Geschmack: rein, s\u00fcss Bio-Qualit\u00e4t AGENABON* 20.138 Invertzuckersirup * Product only available in Switzerland and LichtensteinEigenschaften Hohe S\u00fcsse Verbesserung der Textur &amp; Struktur Br\u00e4unungsteuerung Feuchthaltemittel Anwendungen F\u00fcllungen [&hellip;]<\/p>\n","protected":false},"author":6,"featured_media":0,"parent":1500,"menu_order":0,"comment_status":"closed","ping_status":"closed","template":"","meta":{"_et_pb_use_builder":"on","_et_pb_old_content":"Tst","_et_gb_content_width":"","_monsterinsights_skip_tracking":false,"_monsterinsights_sitenote_active":false,"_monsterinsights_sitenote_note":"","_monsterinsights_sitenote_category":0,"footnotes":""},"categories":[],"tags":[],"class_list":["post-4402","page","type-page","status-publish","hentry"],"yoast_head":"<!-- This site is optimized with the Yoast SEO plugin v25.2 - https:\/\/yoast.com\/wordpress\/plugins\/seo\/ -->\n<title>Invertzucker - Blattmann Group<\/title>\n<meta name=\"robots\" content=\"index, follow, max-snippet:-1, max-image-preview:large, max-video-preview:-1\" \/>\n<link rel=\"canonical\" href=\"https:\/\/www.blattmannschweiz.com\/de\/produkte\/suessstoffe\/invertzucker\/\" \/>\n<meta property=\"og:locale\" content=\"de_DE\" \/>\n<meta property=\"og:type\" content=\"article\" \/>\n<meta property=\"og:title\" content=\"Invertzucker - Blattmann Group\" \/>\n<meta property=\"og:description\" content=\"InvertzuckerInvertzuckerenth\u00e4lt eine ausgewogene Mischung von Glukose, Fruktose und Saccharose. Dadurch hat dieser Sirup eine sehr hohe S\u00fc\u00dfkraft sowie dem Honig \u00e4hnliche Eigenschaften. Aussehen: gelbliche, viskose Fl\u00fcssigkeit Geruch: rein, s\u00fcss Geschmack: rein, s\u00fcss Bio-Qualit\u00e4t AGENABON* 20.138 Invertzuckersirup * Product only available in Switzerland and LichtensteinEigenschaften Hohe S\u00fcsse Verbesserung der Textur &amp; Struktur Br\u00e4unungsteuerung Feuchthaltemittel Anwendungen F\u00fcllungen [&hellip;]\" \/>\n<meta property=\"og:url\" content=\"https:\/\/www.blattmannschweiz.com\/de\/produkte\/suessstoffe\/invertzucker\/\" \/>\n<meta property=\"og:site_name\" content=\"Blattmann Group\" \/>\n<meta property=\"article:publisher\" content=\"https:\/\/www.facebook.com\/BlattmannSchweizAg\" \/>\n<meta property=\"article:modified_time\" content=\"2020-06-03T12:04:45+00:00\" \/>\n<meta property=\"og:image\" content=\"https:\/\/www.blattmannschweiz.com\/wp-content\/uploads\/2017\/10\/organic.png\" \/>\n<meta name=\"twitter:card\" content=\"summary_large_image\" \/>\n<meta name=\"twitter:label1\" content=\"Gesch\u00e4tzte Lesezeit\" \/>\n\t<meta name=\"twitter:data1\" content=\"2\u00a0Minuten\" \/>\n<script type=\"application\/ld+json\" class=\"yoast-schema-graph\">{\"@context\":\"https:\/\/schema.org\",\"@graph\":[{\"@type\":\"WebPage\",\"@id\":\"https:\/\/www.blattmannschweiz.com\/de\/produkte\/suessstoffe\/invertzucker\/\",\"url\":\"https:\/\/www.blattmannschweiz.com\/de\/produkte\/suessstoffe\/invertzucker\/\",\"name\":\"Invertzucker - Blattmann Group\",\"isPartOf\":{\"@id\":\"https:\/\/www.blattmannschweiz.com\/#website\"},\"primaryImageOfPage\":{\"@id\":\"https:\/\/www.blattmannschweiz.com\/de\/produkte\/suessstoffe\/invertzucker\/#primaryimage\"},\"image\":{\"@id\":\"https:\/\/www.blattmannschweiz.com\/de\/produkte\/suessstoffe\/invertzucker\/#primaryimage\"},\"thumbnailUrl\":\"https:\/\/www.blattmannschweiz.com\/wp-content\/uploads\/2017\/10\/organic.png\",\"datePublished\":\"2020-06-02T08:39:52+00:00\",\"dateModified\":\"2020-06-03T12:04:45+00:00\",\"breadcrumb\":{\"@id\":\"https:\/\/www.blattmannschweiz.com\/de\/produkte\/suessstoffe\/invertzucker\/#breadcrumb\"},\"inLanguage\":\"de\",\"potentialAction\":[{\"@type\":\"ReadAction\",\"target\":[\"https:\/\/www.blattmannschweiz.com\/de\/produkte\/suessstoffe\/invertzucker\/\"]}]},{\"@type\":\"ImageObject\",\"inLanguage\":\"de\",\"@id\":\"https:\/\/www.blattmannschweiz.com\/de\/produkte\/suessstoffe\/invertzucker\/#primaryimage\",\"url\":\"https:\/\/www.blattmannschweiz.com\/wp-content\/uploads\/2017\/10\/organic.png\",\"contentUrl\":\"https:\/\/www.blattmannschweiz.com\/wp-content\/uploads\/2017\/10\/organic.png\"},{\"@type\":\"BreadcrumbList\",\"@id\":\"https:\/\/www.blattmannschweiz.com\/de\/produkte\/suessstoffe\/invertzucker\/#breadcrumb\",\"itemListElement\":[{\"@type\":\"ListItem\",\"position\":1,\"name\":\"Home\",\"item\":\"https:\/\/www.blattmannschweiz.com\/de\/\"},{\"@type\":\"ListItem\",\"position\":2,\"name\":\"Produkte\",\"item\":\"https:\/\/www.blattmannschweiz.com\/de\/produkte\/\"},{\"@type\":\"ListItem\",\"position\":3,\"name\":\"S\u00fcssstoffe\",\"item\":\"https:\/\/www.blattmannschweiz.com\/de\/produkte\/suessstoffe\/\"},{\"@type\":\"ListItem\",\"position\":4,\"name\":\"Invertzucker\"}]},{\"@type\":\"WebSite\",\"@id\":\"https:\/\/www.blattmannschweiz.com\/#website\",\"url\":\"https:\/\/www.blattmannschweiz.com\/\",\"name\":\"Blattmann Schweiz AG\",\"description\":\"Food ingredients since 1856\",\"publisher\":{\"@id\":\"https:\/\/www.blattmannschweiz.com\/#organization\"},\"potentialAction\":[{\"@type\":\"SearchAction\",\"target\":{\"@type\":\"EntryPoint\",\"urlTemplate\":\"https:\/\/www.blattmannschweiz.com\/?s={search_term_string}\"},\"query-input\":{\"@type\":\"PropertyValueSpecification\",\"valueRequired\":true,\"valueName\":\"search_term_string\"}}],\"inLanguage\":\"de\"},{\"@type\":\"Organization\",\"@id\":\"https:\/\/www.blattmannschweiz.com\/#organization\",\"name\":\"Blattmann Schweiz AG\",\"url\":\"https:\/\/www.blattmannschweiz.com\/\",\"logo\":{\"@type\":\"ImageObject\",\"inLanguage\":\"de\",\"@id\":\"https:\/\/www.blattmannschweiz.com\/#\/schema\/logo\/image\/\",\"url\":\"https:\/\/www.blattmannschweiz.com\/wp-content\/uploads\/2018\/11\/BM-Logo.jpg\",\"contentUrl\":\"https:\/\/www.blattmannschweiz.com\/wp-content\/uploads\/2018\/11\/BM-Logo.jpg\",\"width\":672,\"height\":103,\"caption\":\"Blattmann Schweiz AG\"},\"image\":{\"@id\":\"https:\/\/www.blattmannschweiz.com\/#\/schema\/logo\/image\/\"},\"sameAs\":[\"https:\/\/www.facebook.com\/BlattmannSchweizAg\"]}]}<\/script>\n<!-- \/ Yoast SEO plugin. -->","yoast_head_json":{"title":"Invertzucker - Blattmann Group","robots":{"index":"index","follow":"follow","max-snippet":"max-snippet:-1","max-image-preview":"max-image-preview:large","max-video-preview":"max-video-preview:-1"},"canonical":"https:\/\/www.blattmannschweiz.com\/de\/produkte\/suessstoffe\/invertzucker\/","og_locale":"de_DE","og_type":"article","og_title":"Invertzucker - Blattmann Group","og_description":"InvertzuckerInvertzuckerenth\u00e4lt eine ausgewogene Mischung von Glukose, Fruktose und Saccharose. Dadurch hat dieser Sirup eine sehr hohe S\u00fc\u00dfkraft sowie dem Honig \u00e4hnliche Eigenschaften. Aussehen: gelbliche, viskose Fl\u00fcssigkeit Geruch: rein, s\u00fcss Geschmack: rein, s\u00fcss Bio-Qualit\u00e4t AGENABON* 20.138 Invertzuckersirup * Product only available in Switzerland and LichtensteinEigenschaften Hohe S\u00fcsse Verbesserung der Textur &amp; Struktur Br\u00e4unungsteuerung Feuchthaltemittel Anwendungen F\u00fcllungen [&hellip;]","og_url":"https:\/\/www.blattmannschweiz.com\/de\/produkte\/suessstoffe\/invertzucker\/","og_site_name":"Blattmann Group","article_publisher":"https:\/\/www.facebook.com\/BlattmannSchweizAg","article_modified_time":"2020-06-03T12:04:45+00:00","og_image":[{"url":"https:\/\/www.blattmannschweiz.com\/wp-content\/uploads\/2017\/10\/organic.png","type":"","width":"","height":""}],"twitter_card":"summary_large_image","twitter_misc":{"Gesch\u00e4tzte Lesezeit":"2\u00a0Minuten"},"schema":{"@context":"https:\/\/schema.org","@graph":[{"@type":"WebPage","@id":"https:\/\/www.blattmannschweiz.com\/de\/produkte\/suessstoffe\/invertzucker\/","url":"https:\/\/www.blattmannschweiz.com\/de\/produkte\/suessstoffe\/invertzucker\/","name":"Invertzucker - Blattmann Group","isPartOf":{"@id":"https:\/\/www.blattmannschweiz.com\/#website"},"primaryImageOfPage":{"@id":"https:\/\/www.blattmannschweiz.com\/de\/produkte\/suessstoffe\/invertzucker\/#primaryimage"},"image":{"@id":"https:\/\/www.blattmannschweiz.com\/de\/produkte\/suessstoffe\/invertzucker\/#primaryimage"},"thumbnailUrl":"https:\/\/www.blattmannschweiz.com\/wp-content\/uploads\/2017\/10\/organic.png","datePublished":"2020-06-02T08:39:52+00:00","dateModified":"2020-06-03T12:04:45+00:00","breadcrumb":{"@id":"https:\/\/www.blattmannschweiz.com\/de\/produkte\/suessstoffe\/invertzucker\/#breadcrumb"},"inLanguage":"de","potentialAction":[{"@type":"ReadAction","target":["https:\/\/www.blattmannschweiz.com\/de\/produkte\/suessstoffe\/invertzucker\/"]}]},{"@type":"ImageObject","inLanguage":"de","@id":"https:\/\/www.blattmannschweiz.com\/de\/produkte\/suessstoffe\/invertzucker\/#primaryimage","url":"https:\/\/www.blattmannschweiz.com\/wp-content\/uploads\/2017\/10\/organic.png","contentUrl":"https:\/\/www.blattmannschweiz.com\/wp-content\/uploads\/2017\/10\/organic.png"},{"@type":"BreadcrumbList","@id":"https:\/\/www.blattmannschweiz.com\/de\/produkte\/suessstoffe\/invertzucker\/#breadcrumb","itemListElement":[{"@type":"ListItem","position":1,"name":"Home","item":"https:\/\/www.blattmannschweiz.com\/de\/"},{"@type":"ListItem","position":2,"name":"Produkte","item":"https:\/\/www.blattmannschweiz.com\/de\/produkte\/"},{"@type":"ListItem","position":3,"name":"S\u00fcssstoffe","item":"https:\/\/www.blattmannschweiz.com\/de\/produkte\/suessstoffe\/"},{"@type":"ListItem","position":4,"name":"Invertzucker"}]},{"@type":"WebSite","@id":"https:\/\/www.blattmannschweiz.com\/#website","url":"https:\/\/www.blattmannschweiz.com\/","name":"Blattmann Schweiz AG","description":"Food ingredients since 1856","publisher":{"@id":"https:\/\/www.blattmannschweiz.com\/#organization"},"potentialAction":[{"@type":"SearchAction","target":{"@type":"EntryPoint","urlTemplate":"https:\/\/www.blattmannschweiz.com\/?s={search_term_string}"},"query-input":{"@type":"PropertyValueSpecification","valueRequired":true,"valueName":"search_term_string"}}],"inLanguage":"de"},{"@type":"Organization","@id":"https:\/\/www.blattmannschweiz.com\/#organization","name":"Blattmann Schweiz AG","url":"https:\/\/www.blattmannschweiz.com\/","logo":{"@type":"ImageObject","inLanguage":"de","@id":"https:\/\/www.blattmannschweiz.com\/#\/schema\/logo\/image\/","url":"https:\/\/www.blattmannschweiz.com\/wp-content\/uploads\/2018\/11\/BM-Logo.jpg","contentUrl":"https:\/\/www.blattmannschweiz.com\/wp-content\/uploads\/2018\/11\/BM-Logo.jpg","width":672,"height":103,"caption":"Blattmann Schweiz AG"},"image":{"@id":"https:\/\/www.blattmannschweiz.com\/#\/schema\/logo\/image\/"},"sameAs":["https:\/\/www.facebook.com\/BlattmannSchweizAg"]}]}},"_links":{"self":[{"href":"https:\/\/www.blattmannschweiz.com\/de\/wp-json\/wp\/v2\/pages\/4402","targetHints":{"allow":["GET"]}}],"collection":[{"href":"https:\/\/www.blattmannschweiz.com\/de\/wp-json\/wp\/v2\/pages"}],"about":[{"href":"https:\/\/www.blattmannschweiz.com\/de\/wp-json\/wp\/v2\/types\/page"}],"author":[{"embeddable":true,"href":"https:\/\/www.blattmannschweiz.com\/de\/wp-json\/wp\/v2\/users\/6"}],"replies":[{"embeddable":true,"href":"https:\/\/www.blattmannschweiz.com\/de\/wp-json\/wp\/v2\/comments?post=4402"}],"version-history":[{"count":0,"href":"https:\/\/www.blattmannschweiz.com\/de\/wp-json\/wp\/v2\/pages\/4402\/revisions"}],"up":[{"embeddable":true,"href":"https:\/\/www.blattmannschweiz.com\/de\/wp-json\/wp\/v2\/pages\/1500"}],"wp:attachment":[{"href":"https:\/\/www.blattmannschweiz.com\/de\/wp-json\/wp\/v2\/media?parent=4402"}],"wp:term":[{"taxonomy":"category","embeddable":true,"href":"https:\/\/www.blattmannschweiz.com\/de\/wp-json\/wp\/v2\/categories?post=4402"},{"taxonomy":"post_tag","embeddable":true,"href":"https:\/\/www.blattmannschweiz.com\/de\/wp-json\/wp\/v2\/tags?post=4402"}],"curies":[{"name":"wp","href":"https:\/\/api.w.org\/{rel}","templated":true}]}}