{"id":1840,"date":"2017-10-04T08:12:43","date_gmt":"2017-10-04T08:12:43","guid":{"rendered":"https:\/\/www.blattmannschweiz.com\/produkte\/suessstoffe\/erythrit\/"},"modified":"2022-10-12T07:44:04","modified_gmt":"2022-10-12T07:44:04","slug":"erythrit","status":"publish","type":"page","link":"https:\/\/www.blattmannschweiz.com\/de\/produkte\/suessstoffe\/erythrit\/","title":{"rendered":"Erythrit"},"content":{"rendered":"<p>[et_pb_section fb_built=&#8220;1&#8243; _builder_version=&#8220;4.16&#8243; background_image=&#8220;https:\/\/www.blattmannschweiz.com\/wp-content\/uploads\/2017\/10\/sweeteners.jpg&#8220; custom_padding=&#8220;221px|0px|0px|0px&#8220; global_colors_info=&#8220;{}&#8220;][et_pb_row _builder_version=&#8220;4.16&#8243; global_colors_info=&#8220;{}&#8220;][et_pb_column type=&#8220;4_4&#8243; _builder_version=&#8220;4.16&#8243; custom_padding=&#8220;|||&#8220; global_colors_info=&#8220;{}&#8220; custom_padding__hover=&#8220;|||&#8220;][et_pb_text _builder_version=&#8220;4.16&#8243; header_font=&#8220;||||on&#8220; header_text_color=&#8220;#ffffff&#8220; header_font_size=&#8220;48px&#8220; global_colors_info=&#8220;{}&#8220;]<\/p>\n<h1>Erythrit<\/h1>\n<p>[\/et_pb_text][\/et_pb_column][\/et_pb_row][\/et_pb_section][et_pb_section fb_built=&#8220;1&#8243; _builder_version=&#8220;4.16&#8243; background_color=&#8220;#fafafa&#8220; custom_padding=&#8220;50px|0px|50px|0px&#8220; global_colors_info=&#8220;{}&#8220;][et_pb_row column_structure=&#8220;1_2,1_2&#8243; _builder_version=&#8220;4.16&#8243; global_colors_info=&#8220;{}&#8220;][et_pb_column type=&#8220;1_2&#8243; _builder_version=&#8220;4.16&#8243; custom_padding=&#8220;|||&#8220; global_colors_info=&#8220;{}&#8220; custom_padding__hover=&#8220;|||&#8220;][et_pb_text _builder_version=&#8220;4.16&#8243; custom_margin=&#8220;|||&#8220; custom_padding=&#8220;|||&#8220; border_width_bottom=&#8220;4px&#8220; border_color_bottom=&#8220;#e7ca71&#8243; global_colors_info=&#8220;{}&#8220;]<\/p>\n<h1 style=\"text-align: center;\" data-mce-style=\"text-align: center;\">Erythrit<\/h1>\n<p>[\/et_pb_text][et_pb_text _builder_version=&#8220;4.16&#8243; custom_margin=&#8220;||||false|false&#8220; global_colors_info=&#8220;{}&#8220;]<\/p>\n<p>Erythrit ist ein in der Natur vorkommender, s\u00fcss-schmeckender Stoff, der vorwiegend als Zuckerersatzstoff verwendet wird. Mit seinem puren, s\u00fcssen und zucker\u00e4hnlichen Geschmack erlaubt es den Nahrungsmittelherstellern, kalorienreduzierte Lebensmittel anzubieten, ohne auf den gewohnten Geschmack und das runde Aroma zu verzichten, die die Konsumenten erwarten.<\/p>\n<p>[\/et_pb_text][\/et_pb_column][et_pb_column type=&#8220;1_2&#8243; _builder_version=&#8220;4.16&#8243; custom_padding=&#8220;|||&#8220; global_colors_info=&#8220;{}&#8220; custom_padding__hover=&#8220;|||&#8220;][et_pb_text _builder_version=&#8220;4.16.0&#8243; custom_margin=&#8220;10%||||false|false&#8220; global_colors_info=&#8220;{}&#8220;]<\/p>\n<table width=\"580\">\n<tbody>\n<tr>\n<td style=\"width: 205px; text-align: center;\"><a href=\"http:\/\/www.blattmannschweiz.com\/wp-content\/uploads\/2017\/10\/organic.png\"><img decoding=\"async\" data-src=\"https:\/\/www.blattmannschweiz.com\/wp-content\/uploads\/2017\/10\/organic.png\" alt=\"Blattmann Schweiz Organic Quality\" class=\"wp-image-1950 alignnone size-full lazyload\" width=\"80\" height=\"80\" src=\"data:image\/gif;base64,R0lGODlhAQABAAAAACH5BAEKAAEALAAAAAABAAEAAAICTAEAOw==\" style=\"--smush-placeholder-width: 80px; --smush-placeholder-aspect-ratio: 80\/80;\" \/><\/a><\/td>\n<td style=\"width: 359px;\">\n<h4>Bio Qualit\u00e4t<\/h4>\n<ul>\n<li><strong>Bio Erythrit<span style=\"color: #e02b20;\">*<\/span><\/strong><\/li>\n<\/ul>\n<\/td>\n<\/tr>\n<tr>\n<td style=\"width: 205px; text-align: center;\"><img decoding=\"async\" class=\"wp-image-1951 alignnone size-full lazyload\" data-src=\"https:\/\/www.blattmannschweiz.com\/wp-content\/uploads\/2017\/10\/conventional.png\" alt=\"\" width=\"80\" height=\"80\" src=\"data:image\/gif;base64,R0lGODlhAQABAAAAACH5BAEKAAEALAAAAAABAAEAAAICTAEAOw==\" style=\"--smush-placeholder-width: 80px; --smush-placeholder-aspect-ratio: 80\/80;\" \/><\/td>\n<td style=\"width: 359px;\">\n<h4>Konventionelle Qualit\u00e4t<\/h4>\n<ul>\n<li><strong>Erythrit<span style=\"color: #e02b20;\">*<\/span><\/strong><\/li>\n<\/ul>\n<\/td>\n<\/tr>\n<\/tbody>\n<\/table>\n<p>[\/et_pb_text][et_pb_text _builder_version=&#8220;4.4.7&#8243; custom_padding=&#8220;|2%||2%|false|false&#8220; global_module=&#8220;4434&#8243; global_colors_info=&#8220;{}&#8220;]<\/p>\n<p><strong><span style=\"color: #ff0000;\">*<\/span><\/strong> Produkt nur in der Schweiz und in Liechtenstein erh\u00e4ltlich<\/p>\n<p>[\/et_pb_text][\/et_pb_column][\/et_pb_row][et_pb_row column_structure=&#8220;1_2,1_2&#8243; _builder_version=&#8220;4.16&#8243; custom_padding=&#8220;27px|0px|0|0px|false|false&#8220; global_colors_info=&#8220;{}&#8220;][et_pb_column type=&#8220;1_2&#8243; _builder_version=&#8220;4.16&#8243; custom_padding=&#8220;|||&#8220; global_colors_info=&#8220;{}&#8220; custom_padding__hover=&#8220;|||&#8220;][et_pb_text _builder_version=&#8220;4.16&#8243; border_width_bottom=&#8220;4px&#8220; border_color_bottom=&#8220;#e7ca71&#8243; global_colors_info=&#8220;{}&#8220;]<\/p>\n<h2 style=\"text-align: center;\" data-mce-style=\"text-align: center;\">Eigenschaften<\/h2>\n<p>[\/et_pb_text][et_pb_text _builder_version=&#8220;4.16&#8243; text_orientation=&#8220;center&#8220; module_alignment=&#8220;center&#8220; global_colors_info=&#8220;{}&#8220;]<\/p>\n<p class=\"p1\"><img decoding=\"async\" class=\"wp-image-2395 alignnone size-full lazyload\" data-src=\"https:\/\/www.blattmannschweiz.com\/wp-content\/uploads\/2017\/10\/checked-box.png\" alt=\"\" width=\"32\" height=\"32\" src=\"data:image\/gif;base64,R0lGODlhAQABAAAAACH5BAEKAAEALAAAAAABAAEAAAICTAEAOw==\" style=\"--smush-placeholder-width: 32px; --smush-placeholder-aspect-ratio: 32\/32;\" \/> Zucker\u00e4hnlicher Geschmack und Mundgef\u00fchl<\/p>\n<p>[\/et_pb_text][et_pb_text _builder_version=&#8220;4.16&#8243; text_orientation=&#8220;center&#8220; module_alignment=&#8220;center&#8220; global_colors_info=&#8220;{}&#8220;]<\/p>\n<p class=\"p1\"><img decoding=\"async\" class=\"wp-image-2395 alignnone size-full lazyload\" data-src=\"https:\/\/www.blattmannschweiz.com\/wp-content\/uploads\/2017\/10\/checked-box.png\" alt=\"\" width=\"32\" height=\"32\" src=\"data:image\/gif;base64,R0lGODlhAQABAAAAACH5BAEKAAEALAAAAAABAAEAAAICTAEAOw==\" style=\"--smush-placeholder-width: 32px; --smush-placeholder-aspect-ratio: 32\/32;\" \/> K\u00fchlender Effekt<\/p>\n<p>[\/et_pb_text][et_pb_text _builder_version=&#8220;4.16.0&#8243; text_orientation=&#8220;center&#8220; module_alignment=&#8220;center&#8220; hover_enabled=&#8220;0&#8243; global_colors_info=&#8220;{}&#8220; sticky_enabled=&#8220;0&#8243;]<\/p>\n<p class=\"p1\"><img decoding=\"async\" class=\"wp-image-2395 alignnone size-full lazyload\" data-src=\"https:\/\/www.blattmannschweiz.com\/wp-content\/uploads\/2017\/10\/checked-box.png\" alt=\"\" width=\"32\" height=\"32\" src=\"data:image\/gif;base64,R0lGODlhAQABAAAAACH5BAEKAAEALAAAAAABAAEAAAICTAEAOw==\" style=\"--smush-placeholder-width: 32px; --smush-placeholder-aspect-ratio: 32\/32;\" \/> Erh\u00f6ht nicht den Blutzucker- oder Insulinspiegel<\/p>\n<p>[\/et_pb_text][et_pb_text _builder_version=&#8220;4.16.0&#8243; text_orientation=&#8220;center&#8220; module_alignment=&#8220;center&#8220; hover_enabled=&#8220;0&#8243; global_colors_info=&#8220;{}&#8220; sticky_enabled=&#8220;0&#8243;]<\/p>\n<p class=\"p1\"><img decoding=\"async\" class=\"wp-image-2395 alignnone size-full lazyload\" data-src=\"https:\/\/www.blattmannschweiz.com\/wp-content\/uploads\/2017\/10\/checked-box.png\" alt=\"\" width=\"32\" height=\"32\" src=\"data:image\/gif;base64,R0lGODlhAQABAAAAACH5BAEKAAEALAAAAAABAAEAAAICTAEAOw==\" style=\"--smush-placeholder-width: 32px; --smush-placeholder-aspect-ratio: 32\/32;\" \/> Nicht kariogen<\/p>\n<p>[\/et_pb_text][et_pb_text _builder_version=&#8220;4.16.0&#8243; text_orientation=&#8220;center&#8220; module_alignment=&#8220;center&#8220; hover_enabled=&#8220;0&#8243; global_colors_info=&#8220;{}&#8220; sticky_enabled=&#8220;0&#8243;]<\/p>\n<p class=\"p1\"><img decoding=\"async\" class=\"wp-image-2395 alignnone size-full lazyload\" data-src=\"https:\/\/www.blattmannschweiz.com\/wp-content\/uploads\/2017\/10\/checked-box.png\" alt=\"\" width=\"32\" height=\"32\" src=\"data:image\/gif;base64,R0lGODlhAQABAAAAACH5BAEKAAEALAAAAAABAAEAAAICTAEAOw==\" style=\"--smush-placeholder-width: 32px; --smush-placeholder-aspect-ratio: 32\/32;\" \/> Ohne Kalorien<\/p>\n<p>[\/et_pb_text][\/et_pb_column][et_pb_column type=&#8220;1_2&#8243; _builder_version=&#8220;4.16&#8243; custom_padding=&#8220;|||&#8220; global_colors_info=&#8220;{}&#8220; custom_padding__hover=&#8220;|||&#8220;][et_pb_text _builder_version=&#8220;4.16&#8243; border_width_bottom=&#8220;4px&#8220; border_color_bottom=&#8220;#e7ca71&#8243; global_colors_info=&#8220;{}&#8220;]<\/p>\n<h3 style=\"text-align: center;\" data-mce-style=\"text-align: center;\">Anwendungen<\/h3>\n<p>[\/et_pb_text][et_pb_text _builder_version=&#8220;4.16&#8243; custom_margin=&#8220;||0px||false|false&#8220; custom_padding=&#8220;|2%||2%|false|false&#8220; global_colors_info=&#8220;{}&#8220;]<\/p>\n<h3>Backwaren<\/h3>\n<ul>\n<li>Kuchen &amp; Geb\u00e4ck<\/li>\n<li>Fett-, Sahne- und Fruchtf\u00fcllungen<\/li>\n<li>M\u00fcsliriegel<\/li>\n<\/ul>\n<p>[\/et_pb_text][et_pb_text _builder_version=&#8220;4.16&#8243; custom_margin=&#8220;||0px||false|false&#8220; custom_padding=&#8220;|2%||2%|false|false&#8220; global_colors_info=&#8220;{}&#8220;]<\/p>\n<h3>S\u00fcsswaren<\/h3>\n<ul>\n<li>Hart- und Weichbonbons<\/li>\n<li>Kaugummi<\/li>\n<li>Gummi- und Geleeartikel<\/li>\n<li>Schokolade<\/li>\n<\/ul>\n<p>[\/et_pb_text][et_pb_text _builder_version=&#8220;4.16&#8243; custom_margin=&#8220;||0px||false|false&#8220; custom_padding=&#8220;|2%||2%|false|false&#8220; global_colors_info=&#8220;{}&#8220;]<\/p>\n<h3>Milchprodukte<\/h3>\n<ul>\n<li>Eiscreme<\/li>\n<li>Milchdessert<\/li>\n<li>Fruchtzubereitungen<\/li>\n<\/ul>\n<p>[\/et_pb_text][\/et_pb_column][\/et_pb_row][\/et_pb_section]<\/p>\n","protected":false},"excerpt":{"rendered":"<p>Erythrit Erythrit Erythrit ist ein in der Natur vorkommender, s\u00fcss-schmeckender Stoff, der vorwiegend als Zuckerersatzstoff verwendet wird. Mit seinem puren, s\u00fcssen und zucker\u00e4hnlichen Geschmack erlaubt es den Nahrungsmittelherstellern, kalorienreduzierte Lebensmittel anzubieten, ohne auf den gewohnten Geschmack und das runde Aroma zu verzichten, die die Konsumenten erwarten. Bio Qualit\u00e4t Bio Erythrit* Konventionelle Qualit\u00e4t Erythrit* * Produkt [&hellip;]<\/p>\n","protected":false},"author":6,"featured_media":0,"parent":1500,"menu_order":0,"comment_status":"closed","ping_status":"closed","template":"","meta":{"_et_pb_use_builder":"on","_et_pb_old_content":"Tst","_et_gb_content_width":"","_monsterinsights_skip_tracking":false,"_monsterinsights_sitenote_active":false,"_monsterinsights_sitenote_note":"","_monsterinsights_sitenote_category":0,"footnotes":""},"categories":[],"tags":[],"class_list":["post-1840","page","type-page","status-publish","hentry"],"yoast_head":"<!-- This site is optimized with the Yoast SEO plugin v25.2 - https:\/\/yoast.com\/wordpress\/plugins\/seo\/ -->\n<title>Erythrit - Blattmann Group<\/title>\n<meta name=\"robots\" content=\"index, follow, max-snippet:-1, max-image-preview:large, max-video-preview:-1\" \/>\n<link rel=\"canonical\" href=\"https:\/\/www.blattmannschweiz.com\/de\/produkte\/suessstoffe\/erythrit\/\" \/>\n<meta property=\"og:locale\" content=\"de_DE\" \/>\n<meta property=\"og:type\" content=\"article\" \/>\n<meta property=\"og:title\" content=\"Erythrit - Blattmann Group\" \/>\n<meta property=\"og:description\" content=\"Erythrit Erythrit Erythrit ist ein in der Natur vorkommender, s\u00fcss-schmeckender Stoff, der vorwiegend als Zuckerersatzstoff verwendet wird. Mit seinem puren, s\u00fcssen und zucker\u00e4hnlichen Geschmack erlaubt es den Nahrungsmittelherstellern, kalorienreduzierte Lebensmittel anzubieten, ohne auf den gewohnten Geschmack und das runde Aroma zu verzichten, die die Konsumenten erwarten. Bio Qualit\u00e4t Bio Erythrit* Konventionelle Qualit\u00e4t Erythrit* * Produkt [&hellip;]\" \/>\n<meta property=\"og:url\" content=\"https:\/\/www.blattmannschweiz.com\/de\/produkte\/suessstoffe\/erythrit\/\" \/>\n<meta property=\"og:site_name\" content=\"Blattmann Group\" \/>\n<meta property=\"article:publisher\" content=\"https:\/\/www.facebook.com\/BlattmannSchweizAg\" \/>\n<meta property=\"article:modified_time\" content=\"2022-10-12T07:44:04+00:00\" \/>\n<meta property=\"og:image\" content=\"https:\/\/www.blattmannschweiz.com\/wp-content\/uploads\/2017\/10\/organic.png\" \/>\n<meta name=\"twitter:card\" content=\"summary_large_image\" \/>\n<meta name=\"twitter:label1\" content=\"Gesch\u00e4tzte Lesezeit\" \/>\n\t<meta name=\"twitter:data1\" content=\"3\u00a0Minuten\" \/>\n<script type=\"application\/ld+json\" class=\"yoast-schema-graph\">{\"@context\":\"https:\/\/schema.org\",\"@graph\":[{\"@type\":\"WebPage\",\"@id\":\"https:\/\/www.blattmannschweiz.com\/de\/produkte\/suessstoffe\/erythrit\/\",\"url\":\"https:\/\/www.blattmannschweiz.com\/de\/produkte\/suessstoffe\/erythrit\/\",\"name\":\"Erythrit - Blattmann Group\",\"isPartOf\":{\"@id\":\"https:\/\/www.blattmannschweiz.com\/#website\"},\"primaryImageOfPage\":{\"@id\":\"https:\/\/www.blattmannschweiz.com\/de\/produkte\/suessstoffe\/erythrit\/#primaryimage\"},\"image\":{\"@id\":\"https:\/\/www.blattmannschweiz.com\/de\/produkte\/suessstoffe\/erythrit\/#primaryimage\"},\"thumbnailUrl\":\"https:\/\/www.blattmannschweiz.com\/wp-content\/uploads\/2017\/10\/organic.png\",\"datePublished\":\"2017-10-04T08:12:43+00:00\",\"dateModified\":\"2022-10-12T07:44:04+00:00\",\"breadcrumb\":{\"@id\":\"https:\/\/www.blattmannschweiz.com\/de\/produkte\/suessstoffe\/erythrit\/#breadcrumb\"},\"inLanguage\":\"de\",\"potentialAction\":[{\"@type\":\"ReadAction\",\"target\":[\"https:\/\/www.blattmannschweiz.com\/de\/produkte\/suessstoffe\/erythrit\/\"]}]},{\"@type\":\"ImageObject\",\"inLanguage\":\"de\",\"@id\":\"https:\/\/www.blattmannschweiz.com\/de\/produkte\/suessstoffe\/erythrit\/#primaryimage\",\"url\":\"https:\/\/www.blattmannschweiz.com\/wp-content\/uploads\/2017\/10\/organic.png\",\"contentUrl\":\"https:\/\/www.blattmannschweiz.com\/wp-content\/uploads\/2017\/10\/organic.png\"},{\"@type\":\"BreadcrumbList\",\"@id\":\"https:\/\/www.blattmannschweiz.com\/de\/produkte\/suessstoffe\/erythrit\/#breadcrumb\",\"itemListElement\":[{\"@type\":\"ListItem\",\"position\":1,\"name\":\"Home\",\"item\":\"https:\/\/www.blattmannschweiz.com\/de\/\"},{\"@type\":\"ListItem\",\"position\":2,\"name\":\"Produkte\",\"item\":\"https:\/\/www.blattmannschweiz.com\/de\/produkte\/\"},{\"@type\":\"ListItem\",\"position\":3,\"name\":\"S\u00fcssstoffe\",\"item\":\"https:\/\/www.blattmannschweiz.com\/de\/produkte\/suessstoffe\/\"},{\"@type\":\"ListItem\",\"position\":4,\"name\":\"Erythrit\"}]},{\"@type\":\"WebSite\",\"@id\":\"https:\/\/www.blattmannschweiz.com\/#website\",\"url\":\"https:\/\/www.blattmannschweiz.com\/\",\"name\":\"Blattmann Schweiz AG\",\"description\":\"Food ingredients since 1856\",\"publisher\":{\"@id\":\"https:\/\/www.blattmannschweiz.com\/#organization\"},\"potentialAction\":[{\"@type\":\"SearchAction\",\"target\":{\"@type\":\"EntryPoint\",\"urlTemplate\":\"https:\/\/www.blattmannschweiz.com\/?s={search_term_string}\"},\"query-input\":{\"@type\":\"PropertyValueSpecification\",\"valueRequired\":true,\"valueName\":\"search_term_string\"}}],\"inLanguage\":\"de\"},{\"@type\":\"Organization\",\"@id\":\"https:\/\/www.blattmannschweiz.com\/#organization\",\"name\":\"Blattmann Schweiz AG\",\"url\":\"https:\/\/www.blattmannschweiz.com\/\",\"logo\":{\"@type\":\"ImageObject\",\"inLanguage\":\"de\",\"@id\":\"https:\/\/www.blattmannschweiz.com\/#\/schema\/logo\/image\/\",\"url\":\"https:\/\/www.blattmannschweiz.com\/wp-content\/uploads\/2018\/11\/BM-Logo.jpg\",\"contentUrl\":\"https:\/\/www.blattmannschweiz.com\/wp-content\/uploads\/2018\/11\/BM-Logo.jpg\",\"width\":672,\"height\":103,\"caption\":\"Blattmann Schweiz AG\"},\"image\":{\"@id\":\"https:\/\/www.blattmannschweiz.com\/#\/schema\/logo\/image\/\"},\"sameAs\":[\"https:\/\/www.facebook.com\/BlattmannSchweizAg\"]}]}<\/script>\n<!-- \/ Yoast SEO plugin. -->","yoast_head_json":{"title":"Erythrit - Blattmann Group","robots":{"index":"index","follow":"follow","max-snippet":"max-snippet:-1","max-image-preview":"max-image-preview:large","max-video-preview":"max-video-preview:-1"},"canonical":"https:\/\/www.blattmannschweiz.com\/de\/produkte\/suessstoffe\/erythrit\/","og_locale":"de_DE","og_type":"article","og_title":"Erythrit - Blattmann Group","og_description":"Erythrit Erythrit Erythrit ist ein in der Natur vorkommender, s\u00fcss-schmeckender Stoff, der vorwiegend als Zuckerersatzstoff verwendet wird. Mit seinem puren, s\u00fcssen und zucker\u00e4hnlichen Geschmack erlaubt es den Nahrungsmittelherstellern, kalorienreduzierte Lebensmittel anzubieten, ohne auf den gewohnten Geschmack und das runde Aroma zu verzichten, die die Konsumenten erwarten. Bio Qualit\u00e4t Bio Erythrit* Konventionelle Qualit\u00e4t Erythrit* * Produkt [&hellip;]","og_url":"https:\/\/www.blattmannschweiz.com\/de\/produkte\/suessstoffe\/erythrit\/","og_site_name":"Blattmann Group","article_publisher":"https:\/\/www.facebook.com\/BlattmannSchweizAg","article_modified_time":"2022-10-12T07:44:04+00:00","og_image":[{"url":"https:\/\/www.blattmannschweiz.com\/wp-content\/uploads\/2017\/10\/organic.png","type":"","width":"","height":""}],"twitter_card":"summary_large_image","twitter_misc":{"Gesch\u00e4tzte Lesezeit":"3\u00a0Minuten"},"schema":{"@context":"https:\/\/schema.org","@graph":[{"@type":"WebPage","@id":"https:\/\/www.blattmannschweiz.com\/de\/produkte\/suessstoffe\/erythrit\/","url":"https:\/\/www.blattmannschweiz.com\/de\/produkte\/suessstoffe\/erythrit\/","name":"Erythrit - Blattmann Group","isPartOf":{"@id":"https:\/\/www.blattmannschweiz.com\/#website"},"primaryImageOfPage":{"@id":"https:\/\/www.blattmannschweiz.com\/de\/produkte\/suessstoffe\/erythrit\/#primaryimage"},"image":{"@id":"https:\/\/www.blattmannschweiz.com\/de\/produkte\/suessstoffe\/erythrit\/#primaryimage"},"thumbnailUrl":"https:\/\/www.blattmannschweiz.com\/wp-content\/uploads\/2017\/10\/organic.png","datePublished":"2017-10-04T08:12:43+00:00","dateModified":"2022-10-12T07:44:04+00:00","breadcrumb":{"@id":"https:\/\/www.blattmannschweiz.com\/de\/produkte\/suessstoffe\/erythrit\/#breadcrumb"},"inLanguage":"de","potentialAction":[{"@type":"ReadAction","target":["https:\/\/www.blattmannschweiz.com\/de\/produkte\/suessstoffe\/erythrit\/"]}]},{"@type":"ImageObject","inLanguage":"de","@id":"https:\/\/www.blattmannschweiz.com\/de\/produkte\/suessstoffe\/erythrit\/#primaryimage","url":"https:\/\/www.blattmannschweiz.com\/wp-content\/uploads\/2017\/10\/organic.png","contentUrl":"https:\/\/www.blattmannschweiz.com\/wp-content\/uploads\/2017\/10\/organic.png"},{"@type":"BreadcrumbList","@id":"https:\/\/www.blattmannschweiz.com\/de\/produkte\/suessstoffe\/erythrit\/#breadcrumb","itemListElement":[{"@type":"ListItem","position":1,"name":"Home","item":"https:\/\/www.blattmannschweiz.com\/de\/"},{"@type":"ListItem","position":2,"name":"Produkte","item":"https:\/\/www.blattmannschweiz.com\/de\/produkte\/"},{"@type":"ListItem","position":3,"name":"S\u00fcssstoffe","item":"https:\/\/www.blattmannschweiz.com\/de\/produkte\/suessstoffe\/"},{"@type":"ListItem","position":4,"name":"Erythrit"}]},{"@type":"WebSite","@id":"https:\/\/www.blattmannschweiz.com\/#website","url":"https:\/\/www.blattmannschweiz.com\/","name":"Blattmann Schweiz AG","description":"Food ingredients since 1856","publisher":{"@id":"https:\/\/www.blattmannschweiz.com\/#organization"},"potentialAction":[{"@type":"SearchAction","target":{"@type":"EntryPoint","urlTemplate":"https:\/\/www.blattmannschweiz.com\/?s={search_term_string}"},"query-input":{"@type":"PropertyValueSpecification","valueRequired":true,"valueName":"search_term_string"}}],"inLanguage":"de"},{"@type":"Organization","@id":"https:\/\/www.blattmannschweiz.com\/#organization","name":"Blattmann Schweiz AG","url":"https:\/\/www.blattmannschweiz.com\/","logo":{"@type":"ImageObject","inLanguage":"de","@id":"https:\/\/www.blattmannschweiz.com\/#\/schema\/logo\/image\/","url":"https:\/\/www.blattmannschweiz.com\/wp-content\/uploads\/2018\/11\/BM-Logo.jpg","contentUrl":"https:\/\/www.blattmannschweiz.com\/wp-content\/uploads\/2018\/11\/BM-Logo.jpg","width":672,"height":103,"caption":"Blattmann Schweiz AG"},"image":{"@id":"https:\/\/www.blattmannschweiz.com\/#\/schema\/logo\/image\/"},"sameAs":["https:\/\/www.facebook.com\/BlattmannSchweizAg"]}]}},"_links":{"self":[{"href":"https:\/\/www.blattmannschweiz.com\/de\/wp-json\/wp\/v2\/pages\/1840","targetHints":{"allow":["GET"]}}],"collection":[{"href":"https:\/\/www.blattmannschweiz.com\/de\/wp-json\/wp\/v2\/pages"}],"about":[{"href":"https:\/\/www.blattmannschweiz.com\/de\/wp-json\/wp\/v2\/types\/page"}],"author":[{"embeddable":true,"href":"https:\/\/www.blattmannschweiz.com\/de\/wp-json\/wp\/v2\/users\/6"}],"replies":[{"embeddable":true,"href":"https:\/\/www.blattmannschweiz.com\/de\/wp-json\/wp\/v2\/comments?post=1840"}],"version-history":[{"count":0,"href":"https:\/\/www.blattmannschweiz.com\/de\/wp-json\/wp\/v2\/pages\/1840\/revisions"}],"up":[{"embeddable":true,"href":"https:\/\/www.blattmannschweiz.com\/de\/wp-json\/wp\/v2\/pages\/1500"}],"wp:attachment":[{"href":"https:\/\/www.blattmannschweiz.com\/de\/wp-json\/wp\/v2\/media?parent=1840"}],"wp:term":[{"taxonomy":"category","embeddable":true,"href":"https:\/\/www.blattmannschweiz.com\/de\/wp-json\/wp\/v2\/categories?post=1840"},{"taxonomy":"post_tag","embeddable":true,"href":"https:\/\/www.blattmannschweiz.com\/de\/wp-json\/wp\/v2\/tags?post=1840"}],"curies":[{"name":"wp","href":"https:\/\/api.w.org\/{rel}","templated":true}]}}