{"id":1787,"date":"2017-10-04T07:13:58","date_gmt":"2017-10-04T07:13:58","guid":{"rendered":"https:\/\/www.blattmannschweiz.com\/produkte\/suessstoffe\/spruehgetrocknete-glukose\/"},"modified":"2023-02-07T08:04:45","modified_gmt":"2023-02-07T08:04:45","slug":"spruehgetrocknete-glukose","status":"publish","type":"page","link":"https:\/\/www.blattmannschweiz.com\/de\/produkte\/suessstoffe\/spruehgetrocknete-glukose\/","title":{"rendered":"Spr\u00fchgetrockneter Glukosesirup"},"content":{"rendered":"<p>[et_pb_section fb_built=&#8220;1&#8243; _builder_version=&#8220;4.16&#8243; background_image=&#8220;https:\/\/www.blattmannschweiz.com\/wp-content\/uploads\/2017\/10\/sweeteners.jpg&#8220; custom_padding=&#8220;221px|0px|0px|0px&#8220; global_colors_info=&#8220;{}&#8220;][et_pb_row _builder_version=&#8220;4.16&#8243; global_colors_info=&#8220;{}&#8220;][et_pb_column type=&#8220;4_4&#8243; _builder_version=&#8220;4.16&#8243; custom_padding=&#8220;|||&#8220; global_colors_info=&#8220;{}&#8220; custom_padding__hover=&#8220;|||&#8220;][et_pb_text _builder_version=&#8220;4.16&#8243; header_font=&#8220;||||on&#8220; header_text_color=&#8220;#ffffff&#8220; header_font_size=&#8220;48px&#8220; global_colors_info=&#8220;{}&#8220;]<\/p>\n<h1>Spr\u00fchgetrockneter Glukosesirup<\/h1>\n<p>[\/et_pb_text][\/et_pb_column][\/et_pb_row][\/et_pb_section][et_pb_section fb_built=&#8220;1&#8243; _builder_version=&#8220;4.16&#8243; background_color=&#8220;#fafafa&#8220; custom_padding=&#8220;50px|0px|50px|0px&#8220; global_colors_info=&#8220;{}&#8220;][et_pb_row column_structure=&#8220;1_2,1_2&#8243; _builder_version=&#8220;4.16&#8243; global_colors_info=&#8220;{}&#8220;][et_pb_column type=&#8220;1_2&#8243; _builder_version=&#8220;4.16&#8243; custom_padding=&#8220;|||&#8220; global_colors_info=&#8220;{}&#8220; custom_padding__hover=&#8220;|||&#8220;][et_pb_text _builder_version=&#8220;4.16&#8243; custom_margin=&#8220;|||&#8220; custom_padding=&#8220;|||&#8220; global_colors_info=&#8220;{}&#8220;]<\/p>\n<h2 style=\"text-align: center;\">Spr\u00fchgetrockneter Glukosesirup<\/h2>\n<p>[\/et_pb_text][et_pb_divider color=&#8220;#e7ca71&#8243; divider_weight=&#8220;3px&#8220; _builder_version=&#8220;4.16&#8243; max_width=&#8220;20%&#8220; module_alignment=&#8220;center&#8220; custom_margin=&#8220;|||&#8220; custom_padding=&#8220;-30px|||&#8220; global_colors_info=&#8220;{}&#8220;][\/et_pb_divider][et_pb_text _builder_version=&#8220;4.16&#8243; custom_margin=&#8220;-50px|||&#8220; global_colors_info=&#8220;{}&#8220;]Spr\u00fchgetrocknete Glukosesirupe werden durch die enzymatische Umwandlung von Weizen- oder Maisst\u00e4rke hergestellt. Durch die Spr\u00fchtrocknung entstehen rieself\u00e4hige und gut wasserl\u00f6sliche Pulver, welche sich durch unterschiedliche DE-Werte und Zuckerzusammensetzungen unterscheiden.<br \/>\n[\/et_pb_text][et_pb_button button_url=&#8220;https:\/\/www.blattmannschweiz.com\/wp-content\/uploads\/2018\/08\/Becodex_Becomalt_DE.pdf&#8220; url_new_window=&#8220;on&#8220; button_text=&#8220;Download Produktkatalog&#8220; button_alignment=&#8220;center&#8220; _builder_version=&#8220;4.16.0&#8243; hover_enabled=&#8220;0&#8243; global_colors_info=&#8220;{}&#8220; button_text_size__hover_enabled=&#8220;off&#8220; button_one_text_size__hover_enabled=&#8220;off&#8220; button_two_text_size__hover_enabled=&#8220;off&#8220; button_text_color__hover_enabled=&#8220;off&#8220; button_one_text_color__hover_enabled=&#8220;off&#8220; button_two_text_color__hover_enabled=&#8220;off&#8220; button_border_width__hover_enabled=&#8220;off&#8220; button_one_border_width__hover_enabled=&#8220;off&#8220; button_two_border_width__hover_enabled=&#8220;off&#8220; button_border_color__hover_enabled=&#8220;off&#8220; button_one_border_color__hover_enabled=&#8220;off&#8220; button_two_border_color__hover_enabled=&#8220;off&#8220; button_border_radius__hover_enabled=&#8220;off&#8220; button_one_border_radius__hover_enabled=&#8220;off&#8220; button_two_border_radius__hover_enabled=&#8220;off&#8220; button_letter_spacing__hover_enabled=&#8220;off&#8220; button_one_letter_spacing__hover_enabled=&#8220;off&#8220; button_two_letter_spacing__hover_enabled=&#8220;off&#8220; button_bg_color__hover_enabled=&#8220;off&#8220; button_one_bg_color__hover_enabled=&#8220;off&#8220; button_two_bg_color__hover_enabled=&#8220;off&#8220; sticky_enabled=&#8220;0&#8243;][\/et_pb_button][\/et_pb_column][et_pb_column type=&#8220;1_2&#8243; _builder_version=&#8220;4.16&#8243; custom_padding=&#8220;|||&#8220; global_colors_info=&#8220;{}&#8220; custom_padding__hover=&#8220;|||&#8220;][et_pb_text _builder_version=&#8220;4.16.0&#8243; global_colors_info=&#8220;{}&#8220;]<\/p>\n<h3 style=\"text-align: center;\">Verf\u00fcgbare Qualit\u00e4t<\/h3>\n<table width=\"580\">\n<tbody>\n<tr>\n<td style=\"width: 205px;\"><a href=\"https:\/\/www.blattmannschweiz.com\/wp-content\/uploads\/2017\/10\/organic.png\"><img decoding=\"async\" class=\"wp-image-1950 size-full aligncenter lazyload\" data-src=\"https:\/\/www.blattmannschweiz.com\/wp-content\/uploads\/2017\/10\/organic.png\" alt=\"\" width=\"80\" height=\"80\" src=\"data:image\/gif;base64,R0lGODlhAQABAAAAACH5BAEKAAEALAAAAAABAAEAAAICTAEAOw==\" style=\"--smush-placeholder-width: 80px; --smush-placeholder-aspect-ratio: 80\/80;\" \/><\/a><\/td>\n<td style=\"width: 359px;\">\n<h4>Bio-Qualit\u00e4t<\/h4>\n<ul>\n<li><strong>BecoDex Bio<\/strong>: Weizenbasierter Bio Glukosesirup (DE 30, 35)<\/li>\n<li><strong>AGENABON<span style=\"color: #e02b20;\">*<\/span><\/strong>: Getrockn. Bio Glukosesirup aus Mais &amp; Weizen (DE 29, 39 &amp; 97)<\/li>\n<\/ul>\n<\/td>\n<\/tr>\n<tr>\n<td style=\"width: 205px;\"><a href=\"https:\/\/www.blattmannschweiz.com\/wp-content\/uploads\/2017\/09\/conventional.png\"><img decoding=\"async\" class=\"wp-image-1951 size-full aligncenter lazyload\" data-src=\"https:\/\/www.blattmannschweiz.com\/wp-content\/uploads\/2017\/10\/conventional.png\" alt=\"\" width=\"80\" height=\"80\" src=\"data:image\/gif;base64,R0lGODlhAQABAAAAACH5BAEKAAEALAAAAAABAAEAAAICTAEAOw==\" style=\"--smush-placeholder-width: 80px; --smush-placeholder-aspect-ratio: 80\/80;\" \/><\/a><\/td>\n<td style=\"width: 359px;\">\n<h4>Konventionelle Qualit\u00e4t<\/h4>\n<ul>\n<li><strong>AGENABON<span style=\"color: #e02b20;\">*<\/span><\/strong>: Getrockn. Glukosesirup aus Mais &amp; Weizen (DE 21, 29 &amp; 33)<strong><\/strong><\/li>\n<\/ul>\n<\/td>\n<\/tr>\n<\/tbody>\n<\/table>\n<p>[\/et_pb_text][et_pb_text _builder_version=&#8220;4.16&#8243; custom_padding=&#8220;|2%||2%|false|false&#8220; global_colors_info=&#8220;{}&#8220;]<\/p>\n<p><strong><span style=\"color: #ff0000;\">*<\/span><\/strong> Produkt nur in der Schweiz und Lichtenstein erh\u00e4ltlich<\/p>\n<p>[\/et_pb_text][\/et_pb_column][\/et_pb_row][et_pb_row _builder_version=&#8220;4.16&#8243; global_colors_info=&#8220;{}&#8220;][et_pb_column type=&#8220;4_4&#8243; _builder_version=&#8220;4.16&#8243; custom_padding=&#8220;|||&#8220; global_colors_info=&#8220;{}&#8220; custom_padding__hover=&#8220;|||&#8220;][et_pb_text _builder_version=&#8220;4.16&#8243; global_colors_info=&#8220;{}&#8220;]<\/p>\n<h2 style=\"text-align: center;\">Eigenschaften<\/h2>\n<p>[\/et_pb_text][et_pb_divider color=&#8220;#e7ca71&#8243; divider_weight=&#8220;3px&#8220; _builder_version=&#8220;4.16&#8243; max_width=&#8220;20%&#8220; module_alignment=&#8220;center&#8220; custom_margin=&#8220;||-30px|&#8220; custom_padding=&#8220;-30px|||&#8220; global_colors_info=&#8220;{}&#8220;][\/et_pb_divider][\/et_pb_column][\/et_pb_row][et_pb_row column_structure=&#8220;1_4,1_4,1_4,1_4&#8243; _builder_version=&#8220;4.16&#8243; global_colors_info=&#8220;{}&#8220;][et_pb_column type=&#8220;1_4&#8243; _builder_version=&#8220;4.16&#8243; custom_padding=&#8220;|||&#8220; global_colors_info=&#8220;{}&#8220; custom_padding__hover=&#8220;|||&#8220;][et_pb_text _builder_version=&#8220;4.16&#8243; text_orientation=&#8220;center&#8220; module_alignment=&#8220;center&#8220; global_colors_info=&#8220;{}&#8220;]<\/p>\n<p class=\"p1\"><span class=\"Apple-converted-space\"><img decoding=\"async\" class=\"wp-image-2395 alignnone size-full lazyload\" data-src=\"https:\/\/www.blattmannschweiz.com\/wp-content\/uploads\/2017\/10\/checked-box.png\" alt=\"\" width=\"32\" height=\"32\" src=\"data:image\/gif;base64,R0lGODlhAQABAAAAACH5BAEKAAEALAAAAAABAAEAAAICTAEAOw==\" style=\"--smush-placeholder-width: 32px; --smush-placeholder-aspect-ratio: 32\/32;\" \/> \u00a0<\/span>good dispersibiltiy<\/p>\n<p class=\"p1\">\n<p>[\/et_pb_text][\/et_pb_column][et_pb_column type=&#8220;1_4&#8243; _builder_version=&#8220;4.16&#8243; custom_padding=&#8220;|||&#8220; global_colors_info=&#8220;{}&#8220; custom_padding__hover=&#8220;|||&#8220;][et_pb_text _builder_version=&#8220;4.16&#8243; text_orientation=&#8220;center&#8220; module_alignment=&#8220;center&#8220; global_colors_info=&#8220;{}&#8220;]<\/p>\n<p class=\"p1\"><span class=\"Apple-converted-space\"><img decoding=\"async\" class=\"wp-image-2395 alignnone size-full lazyload\" data-src=\"https:\/\/www.blattmannschweiz.com\/wp-content\/uploads\/2017\/10\/checked-box.png\" alt=\"\" width=\"32\" height=\"32\" src=\"data:image\/gif;base64,R0lGODlhAQABAAAAACH5BAEKAAEALAAAAAABAAEAAAICTAEAOw==\" style=\"--smush-placeholder-width: 32px; --smush-placeholder-aspect-ratio: 32\/32;\" \/><\/span> good solubility<\/p>\n<p class=\"p1\">\n<p>[\/et_pb_text][\/et_pb_column][et_pb_column type=&#8220;1_4&#8243; _builder_version=&#8220;4.16&#8243; custom_padding=&#8220;|||&#8220; global_colors_info=&#8220;{}&#8220; custom_padding__hover=&#8220;|||&#8220;][et_pb_text _builder_version=&#8220;4.16&#8243; text_orientation=&#8220;center&#8220; module_alignment=&#8220;center&#8220; global_colors_info=&#8220;{}&#8220;]<\/p>\n<p class=\"p1\"><span class=\"Apple-converted-space\"><img decoding=\"async\" class=\"wp-image-2395 alignnone size-full lazyload\" data-src=\"https:\/\/www.blattmannschweiz.com\/wp-content\/uploads\/2017\/10\/checked-box.png\" alt=\"\" width=\"32\" height=\"32\" src=\"data:image\/gif;base64,R0lGODlhAQABAAAAACH5BAEKAAEALAAAAAABAAEAAAICTAEAOw==\" style=\"--smush-placeholder-width: 32px; --smush-placeholder-aspect-ratio: 32\/32;\" \/><\/span>\u00a0neutral taste<\/p>\n<p>[\/et_pb_text][\/et_pb_column][et_pb_column type=&#8220;1_4&#8243; _builder_version=&#8220;4.16&#8243; custom_padding=&#8220;|||&#8220; global_colors_info=&#8220;{}&#8220; custom_padding__hover=&#8220;|||&#8220;][et_pb_text _builder_version=&#8220;4.16&#8243; text_orientation=&#8220;center&#8220; module_alignment=&#8220;center&#8220; global_colors_info=&#8220;{}&#8220;]<\/p>\n<p class=\"p1\"><span class=\"Apple-converted-space\"><img decoding=\"async\" class=\"wp-image-2395 alignnone size-full lazyload\" data-src=\"https:\/\/www.blattmannschweiz.com\/wp-content\/uploads\/2017\/10\/checked-box.png\" alt=\"\" width=\"32\" height=\"32\" src=\"data:image\/gif;base64,R0lGODlhAQABAAAAACH5BAEKAAEALAAAAAABAAEAAAICTAEAOw==\" style=\"--smush-placeholder-width: 32px; --smush-placeholder-aspect-ratio: 32\/32;\" \/><\/span> gluten free<\/p>\n<p>[\/et_pb_text][\/et_pb_column][\/et_pb_row][et_pb_row _builder_version=&#8220;4.16&#8243; global_colors_info=&#8220;{}&#8220;][et_pb_column type=&#8220;4_4&#8243; _builder_version=&#8220;4.16&#8243; custom_padding=&#8220;|||&#8220; global_colors_info=&#8220;{}&#8220; custom_padding__hover=&#8220;|||&#8220;][et_pb_text _builder_version=&#8220;4.16&#8243; global_colors_info=&#8220;{}&#8220;]<\/p>\n<h3 style=\"text-align: center;\">Anwendungen<\/h3>\n<p>[\/et_pb_text][et_pb_divider color=&#8220;#e7ca71&#8243; divider_weight=&#8220;3px&#8220; _builder_version=&#8220;4.16&#8243; max_width=&#8220;20%&#8220; module_alignment=&#8220;center&#8220; custom_margin=&#8220;|||&#8220; custom_padding=&#8220;-30px|||&#8220; global_colors_info=&#8220;{}&#8220;][\/et_pb_divider][\/et_pb_column][\/et_pb_row][et_pb_row column_structure=&#8220;1_3,1_3,1_3&#8243; _builder_version=&#8220;4.16&#8243; custom_margin=&#8220;-50px|||&#8220; custom_padding=&#8220;|15px||15px&#8220; global_colors_info=&#8220;{}&#8220;][et_pb_column type=&#8220;1_3&#8243; _builder_version=&#8220;4.16&#8243; custom_padding=&#8220;|||&#8220; global_colors_info=&#8220;{}&#8220; custom_padding__hover=&#8220;|||&#8220;][et_pb_text _builder_version=&#8220;4.16&#8243; global_colors_info=&#8220;{}&#8220;]<\/p>\n<h3>Backwaren<\/h3>\n<ul>\n<li>Feuchtigkeit<\/li>\n<li>Br\u00e4unung (Maillard)<\/li>\n<li>Textur<\/li>\n<\/ul>\n<p>[\/et_pb_text][\/et_pb_column][et_pb_column type=&#8220;1_3&#8243; _builder_version=&#8220;4.16&#8243; custom_padding=&#8220;|||&#8220; global_colors_info=&#8220;{}&#8220; custom_padding__hover=&#8220;|||&#8220;][et_pb_text _builder_version=&#8220;4.16&#8243; global_colors_info=&#8220;{}&#8220;]<\/p>\n<h3>Fertiggerichte<\/h3>\n<ul>\n<li>F\u00fcllstoff<\/li>\n<li>K\u00f6rper und Mundgef\u00fchl<\/li>\n<\/ul>\n<p>[\/et_pb_text][\/et_pb_column][et_pb_column type=&#8220;1_3&#8243; _builder_version=&#8220;4.16&#8243; custom_padding=&#8220;|||&#8220; global_colors_info=&#8220;{}&#8220; custom_padding__hover=&#8220;|||&#8220;][et_pb_text _builder_version=&#8220;4.16&#8243; global_colors_info=&#8220;{}&#8220;]<\/p>\n<h3>Milchprodukte &amp; Eiscreme<\/h3>\n<ul>\n<li>Mundgef\u00fchl<\/li>\n<li>Gefrierpunkt und Schmelzverhalten<\/li>\n<\/ul>\n<p>[\/et_pb_text][\/et_pb_column][\/et_pb_row][\/et_pb_section]<\/p>\n","protected":false},"excerpt":{"rendered":"<p>Spr\u00fchgetrockneter Glukosesirup Spr\u00fchgetrockneter GlukosesirupSpr\u00fchgetrocknete Glukosesirupe werden durch die enzymatische Umwandlung von Weizen- oder Maisst\u00e4rke hergestellt. Durch die Spr\u00fchtrocknung entstehen rieself\u00e4hige und gut wasserl\u00f6sliche Pulver, welche sich durch unterschiedliche DE-Werte und Zuckerzusammensetzungen unterscheiden. Verf\u00fcgbare Qualit\u00e4t Bio-Qualit\u00e4t BecoDex Bio: Weizenbasierter Bio Glukosesirup (DE 30, 35) AGENABON*: Getrockn. Bio Glukosesirup aus Mais &amp; Weizen (DE 29, 39 &amp; [&hellip;]<\/p>\n","protected":false},"author":6,"featured_media":0,"parent":1500,"menu_order":0,"comment_status":"closed","ping_status":"closed","template":"","meta":{"_et_pb_use_builder":"on","_et_pb_old_content":"Tst","_et_gb_content_width":"","_monsterinsights_skip_tracking":false,"_monsterinsights_sitenote_active":false,"_monsterinsights_sitenote_note":"","_monsterinsights_sitenote_category":0,"footnotes":""},"categories":[],"tags":[],"class_list":["post-1787","page","type-page","status-publish","hentry"],"yoast_head":"<!-- This site is optimized with the Yoast SEO plugin v25.2 - https:\/\/yoast.com\/wordpress\/plugins\/seo\/ -->\n<title>Spr\u00fchgetrockneter Glukosesirup - Blattmann Group<\/title>\n<meta name=\"robots\" content=\"index, follow, max-snippet:-1, max-image-preview:large, max-video-preview:-1\" \/>\n<link rel=\"canonical\" href=\"https:\/\/www.blattmannschweiz.com\/de\/produkte\/suessstoffe\/spruehgetrocknete-glukose\/\" \/>\n<meta property=\"og:locale\" content=\"de_DE\" \/>\n<meta property=\"og:type\" content=\"article\" \/>\n<meta property=\"og:title\" content=\"Spr\u00fchgetrockneter Glukosesirup - Blattmann Group\" \/>\n<meta property=\"og:description\" content=\"Spr\u00fchgetrockneter Glukosesirup Spr\u00fchgetrockneter GlukosesirupSpr\u00fchgetrocknete Glukosesirupe werden durch die enzymatische Umwandlung von Weizen- oder Maisst\u00e4rke hergestellt. Durch die Spr\u00fchtrocknung entstehen rieself\u00e4hige und gut wasserl\u00f6sliche Pulver, welche sich durch unterschiedliche DE-Werte und Zuckerzusammensetzungen unterscheiden. Verf\u00fcgbare Qualit\u00e4t Bio-Qualit\u00e4t BecoDex Bio: Weizenbasierter Bio Glukosesirup (DE 30, 35) AGENABON*: Getrockn. Bio Glukosesirup aus Mais &amp; Weizen (DE 29, 39 &amp; [&hellip;]\" \/>\n<meta property=\"og:url\" content=\"https:\/\/www.blattmannschweiz.com\/de\/produkte\/suessstoffe\/spruehgetrocknete-glukose\/\" \/>\n<meta property=\"og:site_name\" content=\"Blattmann Group\" \/>\n<meta property=\"article:publisher\" content=\"https:\/\/www.facebook.com\/BlattmannSchweizAg\" \/>\n<meta property=\"article:modified_time\" content=\"2023-02-07T08:04:45+00:00\" \/>\n<meta property=\"og:image\" content=\"https:\/\/www.blattmannschweiz.com\/wp-content\/uploads\/2017\/10\/organic.png\" \/>\n<meta name=\"twitter:card\" content=\"summary_large_image\" \/>\n<meta name=\"twitter:label1\" content=\"Gesch\u00e4tzte Lesezeit\" \/>\n\t<meta name=\"twitter:data1\" content=\"5\u00a0Minuten\" \/>\n<script type=\"application\/ld+json\" class=\"yoast-schema-graph\">{\"@context\":\"https:\/\/schema.org\",\"@graph\":[{\"@type\":\"WebPage\",\"@id\":\"https:\/\/www.blattmannschweiz.com\/de\/produkte\/suessstoffe\/spruehgetrocknete-glukose\/\",\"url\":\"https:\/\/www.blattmannschweiz.com\/de\/produkte\/suessstoffe\/spruehgetrocknete-glukose\/\",\"name\":\"Spr\u00fchgetrockneter Glukosesirup - Blattmann Group\",\"isPartOf\":{\"@id\":\"https:\/\/www.blattmannschweiz.com\/#website\"},\"primaryImageOfPage\":{\"@id\":\"https:\/\/www.blattmannschweiz.com\/de\/produkte\/suessstoffe\/spruehgetrocknete-glukose\/#primaryimage\"},\"image\":{\"@id\":\"https:\/\/www.blattmannschweiz.com\/de\/produkte\/suessstoffe\/spruehgetrocknete-glukose\/#primaryimage\"},\"thumbnailUrl\":\"https:\/\/www.blattmannschweiz.com\/wp-content\/uploads\/2017\/10\/organic.png\",\"datePublished\":\"2017-10-04T07:13:58+00:00\",\"dateModified\":\"2023-02-07T08:04:45+00:00\",\"breadcrumb\":{\"@id\":\"https:\/\/www.blattmannschweiz.com\/de\/produkte\/suessstoffe\/spruehgetrocknete-glukose\/#breadcrumb\"},\"inLanguage\":\"de\",\"potentialAction\":[{\"@type\":\"ReadAction\",\"target\":[\"https:\/\/www.blattmannschweiz.com\/de\/produkte\/suessstoffe\/spruehgetrocknete-glukose\/\"]}]},{\"@type\":\"ImageObject\",\"inLanguage\":\"de\",\"@id\":\"https:\/\/www.blattmannschweiz.com\/de\/produkte\/suessstoffe\/spruehgetrocknete-glukose\/#primaryimage\",\"url\":\"https:\/\/www.blattmannschweiz.com\/wp-content\/uploads\/2017\/10\/organic.png\",\"contentUrl\":\"https:\/\/www.blattmannschweiz.com\/wp-content\/uploads\/2017\/10\/organic.png\"},{\"@type\":\"BreadcrumbList\",\"@id\":\"https:\/\/www.blattmannschweiz.com\/de\/produkte\/suessstoffe\/spruehgetrocknete-glukose\/#breadcrumb\",\"itemListElement\":[{\"@type\":\"ListItem\",\"position\":1,\"name\":\"Home\",\"item\":\"https:\/\/www.blattmannschweiz.com\/de\/\"},{\"@type\":\"ListItem\",\"position\":2,\"name\":\"Produkte\",\"item\":\"https:\/\/www.blattmannschweiz.com\/de\/produkte\/\"},{\"@type\":\"ListItem\",\"position\":3,\"name\":\"S\u00fcssstoffe\",\"item\":\"https:\/\/www.blattmannschweiz.com\/de\/produkte\/suessstoffe\/\"},{\"@type\":\"ListItem\",\"position\":4,\"name\":\"Spr\u00fchgetrockneter Glukosesirup\"}]},{\"@type\":\"WebSite\",\"@id\":\"https:\/\/www.blattmannschweiz.com\/#website\",\"url\":\"https:\/\/www.blattmannschweiz.com\/\",\"name\":\"Blattmann Schweiz AG\",\"description\":\"Food ingredients since 1856\",\"publisher\":{\"@id\":\"https:\/\/www.blattmannschweiz.com\/#organization\"},\"potentialAction\":[{\"@type\":\"SearchAction\",\"target\":{\"@type\":\"EntryPoint\",\"urlTemplate\":\"https:\/\/www.blattmannschweiz.com\/?s={search_term_string}\"},\"query-input\":{\"@type\":\"PropertyValueSpecification\",\"valueRequired\":true,\"valueName\":\"search_term_string\"}}],\"inLanguage\":\"de\"},{\"@type\":\"Organization\",\"@id\":\"https:\/\/www.blattmannschweiz.com\/#organization\",\"name\":\"Blattmann Schweiz AG\",\"url\":\"https:\/\/www.blattmannschweiz.com\/\",\"logo\":{\"@type\":\"ImageObject\",\"inLanguage\":\"de\",\"@id\":\"https:\/\/www.blattmannschweiz.com\/#\/schema\/logo\/image\/\",\"url\":\"https:\/\/www.blattmannschweiz.com\/wp-content\/uploads\/2018\/11\/BM-Logo.jpg\",\"contentUrl\":\"https:\/\/www.blattmannschweiz.com\/wp-content\/uploads\/2018\/11\/BM-Logo.jpg\",\"width\":672,\"height\":103,\"caption\":\"Blattmann Schweiz AG\"},\"image\":{\"@id\":\"https:\/\/www.blattmannschweiz.com\/#\/schema\/logo\/image\/\"},\"sameAs\":[\"https:\/\/www.facebook.com\/BlattmannSchweizAg\"]}]}<\/script>\n<!-- \/ Yoast SEO plugin. -->","yoast_head_json":{"title":"Spr\u00fchgetrockneter Glukosesirup - Blattmann Group","robots":{"index":"index","follow":"follow","max-snippet":"max-snippet:-1","max-image-preview":"max-image-preview:large","max-video-preview":"max-video-preview:-1"},"canonical":"https:\/\/www.blattmannschweiz.com\/de\/produkte\/suessstoffe\/spruehgetrocknete-glukose\/","og_locale":"de_DE","og_type":"article","og_title":"Spr\u00fchgetrockneter Glukosesirup - Blattmann Group","og_description":"Spr\u00fchgetrockneter Glukosesirup Spr\u00fchgetrockneter GlukosesirupSpr\u00fchgetrocknete Glukosesirupe werden durch die enzymatische Umwandlung von Weizen- oder Maisst\u00e4rke hergestellt. Durch die Spr\u00fchtrocknung entstehen rieself\u00e4hige und gut wasserl\u00f6sliche Pulver, welche sich durch unterschiedliche DE-Werte und Zuckerzusammensetzungen unterscheiden. Verf\u00fcgbare Qualit\u00e4t Bio-Qualit\u00e4t BecoDex Bio: Weizenbasierter Bio Glukosesirup (DE 30, 35) AGENABON*: Getrockn. Bio Glukosesirup aus Mais &amp; Weizen (DE 29, 39 &amp; [&hellip;]","og_url":"https:\/\/www.blattmannschweiz.com\/de\/produkte\/suessstoffe\/spruehgetrocknete-glukose\/","og_site_name":"Blattmann Group","article_publisher":"https:\/\/www.facebook.com\/BlattmannSchweizAg","article_modified_time":"2023-02-07T08:04:45+00:00","og_image":[{"url":"https:\/\/www.blattmannschweiz.com\/wp-content\/uploads\/2017\/10\/organic.png","type":"","width":"","height":""}],"twitter_card":"summary_large_image","twitter_misc":{"Gesch\u00e4tzte Lesezeit":"5\u00a0Minuten"},"schema":{"@context":"https:\/\/schema.org","@graph":[{"@type":"WebPage","@id":"https:\/\/www.blattmannschweiz.com\/de\/produkte\/suessstoffe\/spruehgetrocknete-glukose\/","url":"https:\/\/www.blattmannschweiz.com\/de\/produkte\/suessstoffe\/spruehgetrocknete-glukose\/","name":"Spr\u00fchgetrockneter Glukosesirup - Blattmann Group","isPartOf":{"@id":"https:\/\/www.blattmannschweiz.com\/#website"},"primaryImageOfPage":{"@id":"https:\/\/www.blattmannschweiz.com\/de\/produkte\/suessstoffe\/spruehgetrocknete-glukose\/#primaryimage"},"image":{"@id":"https:\/\/www.blattmannschweiz.com\/de\/produkte\/suessstoffe\/spruehgetrocknete-glukose\/#primaryimage"},"thumbnailUrl":"https:\/\/www.blattmannschweiz.com\/wp-content\/uploads\/2017\/10\/organic.png","datePublished":"2017-10-04T07:13:58+00:00","dateModified":"2023-02-07T08:04:45+00:00","breadcrumb":{"@id":"https:\/\/www.blattmannschweiz.com\/de\/produkte\/suessstoffe\/spruehgetrocknete-glukose\/#breadcrumb"},"inLanguage":"de","potentialAction":[{"@type":"ReadAction","target":["https:\/\/www.blattmannschweiz.com\/de\/produkte\/suessstoffe\/spruehgetrocknete-glukose\/"]}]},{"@type":"ImageObject","inLanguage":"de","@id":"https:\/\/www.blattmannschweiz.com\/de\/produkte\/suessstoffe\/spruehgetrocknete-glukose\/#primaryimage","url":"https:\/\/www.blattmannschweiz.com\/wp-content\/uploads\/2017\/10\/organic.png","contentUrl":"https:\/\/www.blattmannschweiz.com\/wp-content\/uploads\/2017\/10\/organic.png"},{"@type":"BreadcrumbList","@id":"https:\/\/www.blattmannschweiz.com\/de\/produkte\/suessstoffe\/spruehgetrocknete-glukose\/#breadcrumb","itemListElement":[{"@type":"ListItem","position":1,"name":"Home","item":"https:\/\/www.blattmannschweiz.com\/de\/"},{"@type":"ListItem","position":2,"name":"Produkte","item":"https:\/\/www.blattmannschweiz.com\/de\/produkte\/"},{"@type":"ListItem","position":3,"name":"S\u00fcssstoffe","item":"https:\/\/www.blattmannschweiz.com\/de\/produkte\/suessstoffe\/"},{"@type":"ListItem","position":4,"name":"Spr\u00fchgetrockneter Glukosesirup"}]},{"@type":"WebSite","@id":"https:\/\/www.blattmannschweiz.com\/#website","url":"https:\/\/www.blattmannschweiz.com\/","name":"Blattmann Schweiz AG","description":"Food ingredients since 1856","publisher":{"@id":"https:\/\/www.blattmannschweiz.com\/#organization"},"potentialAction":[{"@type":"SearchAction","target":{"@type":"EntryPoint","urlTemplate":"https:\/\/www.blattmannschweiz.com\/?s={search_term_string}"},"query-input":{"@type":"PropertyValueSpecification","valueRequired":true,"valueName":"search_term_string"}}],"inLanguage":"de"},{"@type":"Organization","@id":"https:\/\/www.blattmannschweiz.com\/#organization","name":"Blattmann Schweiz AG","url":"https:\/\/www.blattmannschweiz.com\/","logo":{"@type":"ImageObject","inLanguage":"de","@id":"https:\/\/www.blattmannschweiz.com\/#\/schema\/logo\/image\/","url":"https:\/\/www.blattmannschweiz.com\/wp-content\/uploads\/2018\/11\/BM-Logo.jpg","contentUrl":"https:\/\/www.blattmannschweiz.com\/wp-content\/uploads\/2018\/11\/BM-Logo.jpg","width":672,"height":103,"caption":"Blattmann Schweiz AG"},"image":{"@id":"https:\/\/www.blattmannschweiz.com\/#\/schema\/logo\/image\/"},"sameAs":["https:\/\/www.facebook.com\/BlattmannSchweizAg"]}]}},"_links":{"self":[{"href":"https:\/\/www.blattmannschweiz.com\/de\/wp-json\/wp\/v2\/pages\/1787","targetHints":{"allow":["GET"]}}],"collection":[{"href":"https:\/\/www.blattmannschweiz.com\/de\/wp-json\/wp\/v2\/pages"}],"about":[{"href":"https:\/\/www.blattmannschweiz.com\/de\/wp-json\/wp\/v2\/types\/page"}],"author":[{"embeddable":true,"href":"https:\/\/www.blattmannschweiz.com\/de\/wp-json\/wp\/v2\/users\/6"}],"replies":[{"embeddable":true,"href":"https:\/\/www.blattmannschweiz.com\/de\/wp-json\/wp\/v2\/comments?post=1787"}],"version-history":[{"count":1,"href":"https:\/\/www.blattmannschweiz.com\/de\/wp-json\/wp\/v2\/pages\/1787\/revisions"}],"predecessor-version":[{"id":5197,"href":"https:\/\/www.blattmannschweiz.com\/de\/wp-json\/wp\/v2\/pages\/1787\/revisions\/5197"}],"up":[{"embeddable":true,"href":"https:\/\/www.blattmannschweiz.com\/de\/wp-json\/wp\/v2\/pages\/1500"}],"wp:attachment":[{"href":"https:\/\/www.blattmannschweiz.com\/de\/wp-json\/wp\/v2\/media?parent=1787"}],"wp:term":[{"taxonomy":"category","embeddable":true,"href":"https:\/\/www.blattmannschweiz.com\/de\/wp-json\/wp\/v2\/categories?post=1787"},{"taxonomy":"post_tag","embeddable":true,"href":"https:\/\/www.blattmannschweiz.com\/de\/wp-json\/wp\/v2\/tags?post=1787"}],"curies":[{"name":"wp","href":"https:\/\/api.w.org\/{rel}","templated":true}]}}