{"id":1748,"date":"2017-10-04T06:50:57","date_gmt":"2017-10-04T06:50:57","guid":{"rendered":"https:\/\/www.blattmannschweiz.com\/produkte\/staerke-und-derivate\/trockenstaerke-dextrin\/"},"modified":"2018-09-28T11:28:51","modified_gmt":"2018-09-28T11:28:51","slug":"trockenstaerke-dextrin","status":"publish","type":"page","link":"https:\/\/www.blattmannschweiz.com\/de\/produkte\/staerke-und-derivate\/trockenstaerke-dextrin\/","title":{"rendered":"Dextrin"},"content":{"rendered":"<p>[et_pb_section fb_built=&#8220;1&#8243; _builder_version=&#8220;3.0.77&#8243; background_image=&#8220;https:\/\/www.blattmannschweiz.com\/wp-content\/uploads\/2017\/09\/starches.jpg&#8220; custom_padding=&#8220;221px|0px|0px|0px&#8220;][et_pb_row _builder_version=&#8220;3.0.75&#8243;][et_pb_column type=&#8220;4_4&#8243; _builder_version=&#8220;3.0.47&#8243; parallax=&#8220;off&#8220; parallax_method=&#8220;on&#8220;][et_pb_text _builder_version=&#8220;3.0.75&#8243; header_font=&#8220;||||on&#8220; header_text_color=&#8220;#ffffff&#8220; header_font_size=&#8220;48px&#8220;]<\/p>\n<h1>Dextrin<\/h1>\n<p>[\/et_pb_text][\/et_pb_column][\/et_pb_row][\/et_pb_section][et_pb_section fb_built=&#8220;1&#8243; _builder_version=&#8220;3.0.75&#8243; background_color=&#8220;#fafafa&#8220; custom_padding=&#8220;50px|0px|50px|0px&#8220;][et_pb_row _builder_version=&#8220;3.0.75&#8243;][et_pb_column type=&#8220;1_2&#8243; _builder_version=&#8220;3.0.47&#8243; parallax=&#8220;off&#8220; parallax_method=&#8220;on&#8220;][et_pb_text _builder_version=&#8220;3.12&#8243; custom_margin=&#8220;|||&#8220; custom_padding=&#8220;|||&#8220;]<\/p>\n<h2 style=\"text-align: center;\">Dextrin<\/h2>\n<p>[\/et_pb_text][et_pb_divider color=&#8220;#e7ca71&#8243; divider_weight=&#8220;3px&#8220; _builder_version=&#8220;3.2&#8243; max_width=&#8220;20%&#8220; module_alignment=&#8220;center&#8220; custom_margin=&#8220;|||&#8220; custom_padding=&#8220;-30px|||&#8220;][\/et_pb_divider][et_pb_text _builder_version=&#8220;3.0.75&#8243; custom_margin=&#8220;-50px|||&#8220;]Dextrine werden in der Regel f\u00fcr Nahrungsmittel- und Getr\u00e4nkeanwendungen mit einem hohen St\u00e4rkegehalt eingesetzt. Die verschiedenen\u00a0Dextrine k\u00f6nnen sehr unterschiedliche Eigenschaften haben. Allgemein weisen diese Produkte eine tiefe Heissviskosit\u00e4t sowie eine hohe Kleb- und Bindewirkung auf.<br \/>\n[\/et_pb_text][et_pb_button url_new_window=&#8220;on&#8220; button_text=&#8220;Download Product Folder&#8220; button_alignment=&#8220;center&#8220; _builder_version=&#8220;3.14&#8243; button_url=&#8220;http:\/\/www.blattmannschweiz.com\/wp-content\/uploads\/2018\/08\/Dextrine_EN.pdf&#8220;][\/et_pb_button][\/et_pb_column][et_pb_column type=&#8220;1_2&#8243; _builder_version=&#8220;3.0.47&#8243; parallax=&#8220;off&#8220; parallax_method=&#8220;on&#8220;][et_pb_text _builder_version=&#8220;3.0.77&#8243;]<\/p>\n<h3 style=\"text-align: center;\">Verf\u00fcgbare Qualit\u00e4t<\/h3>\n<table width=\"580\">\n<tbody>\n<tr>\n<td style=\"width: 205px; text-align: center;\"><img decoding=\"async\" class=\"wp-image-1951 alignnone size-full lazyload\" data-src=\"https:\/\/www.blattmannschweiz.com\/wp-content\/uploads\/2017\/10\/conventional.png\" alt=\"\" width=\"80\" height=\"80\" src=\"data:image\/gif;base64,R0lGODlhAQABAAAAACH5BAEKAAEALAAAAAABAAEAAAICTAEAOw==\" style=\"--smush-placeholder-width: 80px; --smush-placeholder-aspect-ratio: 80\/80;\" \/><\/td>\n<td style=\"width: 359px;\">\n<h4>Konventionelle Qualit\u00e4t<\/h4>\n<ul>\n<li class=\"p1\"><strong>Dextrin A-<\/strong> : Kartoffel-basiertes Dextrin<\/li>\n<li class=\"p1\"><strong>Dextrin B-<\/strong> : Mais-basiertes Dextrin<\/li>\n<li class=\"p1\"><strong>Dextrin D-<\/strong> : Tapioka-basiertes Dextrin<\/li>\n<\/ul>\n<\/td>\n<\/tr>\n<\/tbody>\n<\/table>\n<p>[\/et_pb_text][\/et_pb_column][\/et_pb_row][et_pb_row _builder_version=&#8220;3.0.75&#8243;][et_pb_column type=&#8220;4_4&#8243; _builder_version=&#8220;3.0.47&#8243; parallax=&#8220;off&#8220; parallax_method=&#8220;on&#8220;][et_pb_text _builder_version=&#8220;3.0.75&#8243;]<\/p>\n<h2 style=\"text-align: center;\">Eigenschaften<\/h2>\n<p>[\/et_pb_text][et_pb_divider color=&#8220;#e7ca71&#8243; divider_weight=&#8220;3px&#8220; _builder_version=&#8220;3.2&#8243; max_width=&#8220;20%&#8220; module_alignment=&#8220;center&#8220; custom_margin=&#8220;||-30px|&#8220; custom_padding=&#8220;-30px|||&#8220;][\/et_pb_divider][\/et_pb_column][\/et_pb_row][et_pb_row _builder_version=&#8220;3.12&#8243;][et_pb_column type=&#8220;1_4&#8243; _builder_version=&#8220;3.12&#8243; parallax=&#8220;off&#8220; parallax_method=&#8220;on&#8220;][\/et_pb_column][et_pb_column type=&#8220;1_4&#8243; _builder_version=&#8220;3.12&#8243; parallax=&#8220;off&#8220; parallax_method=&#8220;on&#8220;][et_pb_text _builder_version=&#8220;3.0.77&#8243; text_orientation=&#8220;center&#8220; module_alignment=&#8220;center&#8220;]<\/p>\n<p class=\"p1\"><img decoding=\"async\" class=\"wp-image-2395 alignnone size-full lazyload\" data-src=\"https:\/\/www.blattmannschweiz.com\/wp-content\/uploads\/2017\/10\/checked-box.png\" alt=\"\" width=\"32\" height=\"32\" src=\"data:image\/gif;base64,R0lGODlhAQABAAAAACH5BAEKAAEALAAAAAABAAEAAAICTAEAOw==\" style=\"--smush-placeholder-width: 32px; --smush-placeholder-aspect-ratio: 32\/32;\" \/> Hohe Kleb- und Bindungskraft<\/p>\n<p>[\/et_pb_text][\/et_pb_column][et_pb_column type=&#8220;1_4&#8243; _builder_version=&#8220;3.12&#8243; parallax=&#8220;off&#8220; parallax_method=&#8220;on&#8220;][et_pb_text _builder_version=&#8220;3.0.77&#8243; text_orientation=&#8220;center&#8220; module_alignment=&#8220;center&#8220;]<\/p>\n<p class=\"p1\"><img decoding=\"async\" class=\"wp-image-2395 alignnone size-full lazyload\" data-src=\"https:\/\/www.blattmannschweiz.com\/wp-content\/uploads\/2017\/10\/checked-box.png\" alt=\"\" width=\"32\" height=\"32\" src=\"data:image\/gif;base64,R0lGODlhAQABAAAAACH5BAEKAAEALAAAAAABAAEAAAICTAEAOw==\" style=\"--smush-placeholder-width: 32px; --smush-placeholder-aspect-ratio: 32\/32;\" \/> Geringe W\u00e4rmeviskosit\u00e4t<\/p>\n<p>[\/et_pb_text][\/et_pb_column][et_pb_column type=&#8220;1_4&#8243; _builder_version=&#8220;3.12&#8243; parallax=&#8220;off&#8220; parallax_method=&#8220;on&#8220;][\/et_pb_column][\/et_pb_row][et_pb_row _builder_version=&#8220;3.0.75&#8243;][et_pb_column type=&#8220;4_4&#8243; _builder_version=&#8220;3.0.47&#8243; parallax=&#8220;off&#8220; parallax_method=&#8220;on&#8220;][et_pb_text _builder_version=&#8220;3.0.75&#8243;]<\/p>\n<h3 style=\"text-align: center;\">Anwendungen<\/h3>\n<p>[\/et_pb_text][et_pb_divider color=&#8220;#e7ca71&#8243; divider_weight=&#8220;3px&#8220; _builder_version=&#8220;3.2&#8243; max_width=&#8220;20%&#8220; module_alignment=&#8220;center&#8220; custom_margin=&#8220;|||&#8220; custom_padding=&#8220;-30px|||&#8220;][\/et_pb_divider][\/et_pb_column][\/et_pb_row][et_pb_row custom_padding=&#8220;|15px||15px&#8220; custom_margin=&#8220;-50px|||&#8220; _builder_version=&#8220;3.12&#8243;][et_pb_column type=&#8220;1_3&#8243; _builder_version=&#8220;3.0.47&#8243; parallax=&#8220;off&#8220; parallax_method=&#8220;on&#8220;][et_pb_text _builder_version=&#8220;3.0.77&#8243;]<\/p>\n<h3>Backwaren<\/h3>\n<ul>\n<li>Glanz und Haftung<\/li>\n<li>Knusprige Textur<\/li>\n<\/ul>\n<p>[\/et_pb_text][\/et_pb_column][et_pb_column type=&#8220;1_3&#8243; _builder_version=&#8220;3.0.47&#8243; parallax=&#8220;off&#8220; parallax_method=&#8220;on&#8220;][et_pb_text _builder_version=&#8220;3.0.83&#8243;]<\/p>\n<h3>Fleischprodukte<\/h3>\n<ul>\n<li>Fermentationshilfe in Rohw\u00fcrsten<\/li>\n<\/ul>\n<p>[\/et_pb_text][\/et_pb_column][et_pb_column type=&#8220;1_3&#8243; _builder_version=&#8220;3.0.47&#8243; parallax=&#8220;off&#8220; parallax_method=&#8220;on&#8220;][et_pb_text _builder_version=&#8220;3.0.83&#8243;]<\/p>\n<h3>Verschiedenes<\/h3>\n<ul>\n<li>Panaden &amp; Coatings<\/li>\n<li>Tr\u00e4ger f\u00fcr aktive Lebensmittelzutaten<\/li>\n<li>Fett- \/ Zuckeraustausch<\/li>\n<\/ul>\n<p>[\/et_pb_text][\/et_pb_column][\/et_pb_row][\/et_pb_section]<\/p>\n","protected":false},"excerpt":{"rendered":"<p>Dextrin DextrinDextrine werden in der Regel f\u00fcr Nahrungsmittel- und Getr\u00e4nkeanwendungen mit einem hohen St\u00e4rkegehalt eingesetzt. Die verschiedenen\u00a0Dextrine k\u00f6nnen sehr unterschiedliche Eigenschaften haben. Allgemein weisen diese Produkte eine tiefe Heissviskosit\u00e4t sowie eine hohe Kleb- und Bindewirkung auf. Verf\u00fcgbare Qualit\u00e4t Konventionelle Qualit\u00e4t Dextrin A- : Kartoffel-basiertes Dextrin Dextrin B- : Mais-basiertes Dextrin Dextrin D- : Tapioka-basiertes Dextrin [&hellip;]<\/p>\n","protected":false},"author":6,"featured_media":0,"parent":1552,"menu_order":0,"comment_status":"closed","ping_status":"closed","template":"","meta":{"_et_pb_use_builder":"on","_et_pb_old_content":"Tst","_et_gb_content_width":"","_monsterinsights_skip_tracking":false,"_monsterinsights_sitenote_active":false,"_monsterinsights_sitenote_note":"","_monsterinsights_sitenote_category":0,"footnotes":""},"categories":[],"tags":[],"class_list":["post-1748","page","type-page","status-publish","hentry"],"yoast_head":"<!-- This site is optimized with the Yoast SEO plugin v25.2 - https:\/\/yoast.com\/wordpress\/plugins\/seo\/ -->\n<title>Dextrin - Blattmann Group<\/title>\n<meta name=\"robots\" content=\"index, follow, max-snippet:-1, max-image-preview:large, max-video-preview:-1\" \/>\n<link rel=\"canonical\" href=\"https:\/\/www.blattmannschweiz.com\/de\/produkte\/staerke-und-derivate\/trockenstaerke-dextrin\/\" \/>\n<meta property=\"og:locale\" content=\"de_DE\" \/>\n<meta property=\"og:type\" content=\"article\" \/>\n<meta property=\"og:title\" content=\"Dextrin - Blattmann Group\" \/>\n<meta property=\"og:description\" content=\"Dextrin DextrinDextrine werden in der Regel f\u00fcr Nahrungsmittel- und Getr\u00e4nkeanwendungen mit einem hohen St\u00e4rkegehalt eingesetzt. Die verschiedenen\u00a0Dextrine k\u00f6nnen sehr unterschiedliche Eigenschaften haben. Allgemein weisen diese Produkte eine tiefe Heissviskosit\u00e4t sowie eine hohe Kleb- und Bindewirkung auf. Verf\u00fcgbare Qualit\u00e4t Konventionelle Qualit\u00e4t Dextrin A- : Kartoffel-basiertes Dextrin Dextrin B- : Mais-basiertes Dextrin Dextrin D- : Tapioka-basiertes Dextrin [&hellip;]\" \/>\n<meta property=\"og:url\" content=\"https:\/\/www.blattmannschweiz.com\/de\/produkte\/staerke-und-derivate\/trockenstaerke-dextrin\/\" \/>\n<meta property=\"og:site_name\" content=\"Blattmann Group\" \/>\n<meta property=\"article:publisher\" content=\"https:\/\/www.facebook.com\/BlattmannSchweizAg\" \/>\n<meta property=\"article:modified_time\" content=\"2018-09-28T11:28:51+00:00\" \/>\n<meta property=\"og:image\" content=\"https:\/\/www.blattmannschweiz.com\/wp-content\/uploads\/2017\/10\/conventional.png\" \/>\n<meta name=\"twitter:card\" content=\"summary_large_image\" \/>\n<meta name=\"twitter:label1\" content=\"Gesch\u00e4tzte Lesezeit\" \/>\n\t<meta name=\"twitter:data1\" content=\"3\u00a0Minuten\" \/>\n<script type=\"application\/ld+json\" class=\"yoast-schema-graph\">{\"@context\":\"https:\/\/schema.org\",\"@graph\":[{\"@type\":\"WebPage\",\"@id\":\"https:\/\/www.blattmannschweiz.com\/de\/produkte\/staerke-und-derivate\/trockenstaerke-dextrin\/\",\"url\":\"https:\/\/www.blattmannschweiz.com\/de\/produkte\/staerke-und-derivate\/trockenstaerke-dextrin\/\",\"name\":\"Dextrin - Blattmann Group\",\"isPartOf\":{\"@id\":\"https:\/\/www.blattmannschweiz.com\/#website\"},\"primaryImageOfPage\":{\"@id\":\"https:\/\/www.blattmannschweiz.com\/de\/produkte\/staerke-und-derivate\/trockenstaerke-dextrin\/#primaryimage\"},\"image\":{\"@id\":\"https:\/\/www.blattmannschweiz.com\/de\/produkte\/staerke-und-derivate\/trockenstaerke-dextrin\/#primaryimage\"},\"thumbnailUrl\":\"https:\/\/www.blattmannschweiz.com\/wp-content\/uploads\/2017\/10\/conventional.png\",\"datePublished\":\"2017-10-04T06:50:57+00:00\",\"dateModified\":\"2018-09-28T11:28:51+00:00\",\"breadcrumb\":{\"@id\":\"https:\/\/www.blattmannschweiz.com\/de\/produkte\/staerke-und-derivate\/trockenstaerke-dextrin\/#breadcrumb\"},\"inLanguage\":\"de\",\"potentialAction\":[{\"@type\":\"ReadAction\",\"target\":[\"https:\/\/www.blattmannschweiz.com\/de\/produkte\/staerke-und-derivate\/trockenstaerke-dextrin\/\"]}]},{\"@type\":\"ImageObject\",\"inLanguage\":\"de\",\"@id\":\"https:\/\/www.blattmannschweiz.com\/de\/produkte\/staerke-und-derivate\/trockenstaerke-dextrin\/#primaryimage\",\"url\":\"https:\/\/www.blattmannschweiz.com\/wp-content\/uploads\/2017\/10\/conventional.png\",\"contentUrl\":\"https:\/\/www.blattmannschweiz.com\/wp-content\/uploads\/2017\/10\/conventional.png\"},{\"@type\":\"BreadcrumbList\",\"@id\":\"https:\/\/www.blattmannschweiz.com\/de\/produkte\/staerke-und-derivate\/trockenstaerke-dextrin\/#breadcrumb\",\"itemListElement\":[{\"@type\":\"ListItem\",\"position\":1,\"name\":\"Home\",\"item\":\"https:\/\/www.blattmannschweiz.com\/de\/\"},{\"@type\":\"ListItem\",\"position\":2,\"name\":\"Produkte\",\"item\":\"https:\/\/www.blattmannschweiz.com\/de\/produkte\/\"},{\"@type\":\"ListItem\",\"position\":3,\"name\":\"St\u00e4rke und Derivate\",\"item\":\"https:\/\/www.blattmannschweiz.com\/de\/produkte\/staerke-und-derivate\/\"},{\"@type\":\"ListItem\",\"position\":4,\"name\":\"Dextrin\"}]},{\"@type\":\"WebSite\",\"@id\":\"https:\/\/www.blattmannschweiz.com\/#website\",\"url\":\"https:\/\/www.blattmannschweiz.com\/\",\"name\":\"Blattmann Schweiz AG\",\"description\":\"Food ingredients since 1856\",\"publisher\":{\"@id\":\"https:\/\/www.blattmannschweiz.com\/#organization\"},\"potentialAction\":[{\"@type\":\"SearchAction\",\"target\":{\"@type\":\"EntryPoint\",\"urlTemplate\":\"https:\/\/www.blattmannschweiz.com\/?s={search_term_string}\"},\"query-input\":{\"@type\":\"PropertyValueSpecification\",\"valueRequired\":true,\"valueName\":\"search_term_string\"}}],\"inLanguage\":\"de\"},{\"@type\":\"Organization\",\"@id\":\"https:\/\/www.blattmannschweiz.com\/#organization\",\"name\":\"Blattmann Schweiz AG\",\"url\":\"https:\/\/www.blattmannschweiz.com\/\",\"logo\":{\"@type\":\"ImageObject\",\"inLanguage\":\"de\",\"@id\":\"https:\/\/www.blattmannschweiz.com\/#\/schema\/logo\/image\/\",\"url\":\"https:\/\/www.blattmannschweiz.com\/wp-content\/uploads\/2018\/11\/BM-Logo.jpg\",\"contentUrl\":\"https:\/\/www.blattmannschweiz.com\/wp-content\/uploads\/2018\/11\/BM-Logo.jpg\",\"width\":672,\"height\":103,\"caption\":\"Blattmann Schweiz AG\"},\"image\":{\"@id\":\"https:\/\/www.blattmannschweiz.com\/#\/schema\/logo\/image\/\"},\"sameAs\":[\"https:\/\/www.facebook.com\/BlattmannSchweizAg\"]}]}<\/script>\n<!-- \/ Yoast SEO plugin. -->","yoast_head_json":{"title":"Dextrin - Blattmann Group","robots":{"index":"index","follow":"follow","max-snippet":"max-snippet:-1","max-image-preview":"max-image-preview:large","max-video-preview":"max-video-preview:-1"},"canonical":"https:\/\/www.blattmannschweiz.com\/de\/produkte\/staerke-und-derivate\/trockenstaerke-dextrin\/","og_locale":"de_DE","og_type":"article","og_title":"Dextrin - Blattmann Group","og_description":"Dextrin DextrinDextrine werden in der Regel f\u00fcr Nahrungsmittel- und Getr\u00e4nkeanwendungen mit einem hohen St\u00e4rkegehalt eingesetzt. Die verschiedenen\u00a0Dextrine k\u00f6nnen sehr unterschiedliche Eigenschaften haben. Allgemein weisen diese Produkte eine tiefe Heissviskosit\u00e4t sowie eine hohe Kleb- und Bindewirkung auf. Verf\u00fcgbare Qualit\u00e4t Konventionelle Qualit\u00e4t Dextrin A- : Kartoffel-basiertes Dextrin Dextrin B- : Mais-basiertes Dextrin Dextrin D- : Tapioka-basiertes Dextrin [&hellip;]","og_url":"https:\/\/www.blattmannschweiz.com\/de\/produkte\/staerke-und-derivate\/trockenstaerke-dextrin\/","og_site_name":"Blattmann Group","article_publisher":"https:\/\/www.facebook.com\/BlattmannSchweizAg","article_modified_time":"2018-09-28T11:28:51+00:00","og_image":[{"url":"https:\/\/www.blattmannschweiz.com\/wp-content\/uploads\/2017\/10\/conventional.png","type":"","width":"","height":""}],"twitter_card":"summary_large_image","twitter_misc":{"Gesch\u00e4tzte Lesezeit":"3\u00a0Minuten"},"schema":{"@context":"https:\/\/schema.org","@graph":[{"@type":"WebPage","@id":"https:\/\/www.blattmannschweiz.com\/de\/produkte\/staerke-und-derivate\/trockenstaerke-dextrin\/","url":"https:\/\/www.blattmannschweiz.com\/de\/produkte\/staerke-und-derivate\/trockenstaerke-dextrin\/","name":"Dextrin - Blattmann Group","isPartOf":{"@id":"https:\/\/www.blattmannschweiz.com\/#website"},"primaryImageOfPage":{"@id":"https:\/\/www.blattmannschweiz.com\/de\/produkte\/staerke-und-derivate\/trockenstaerke-dextrin\/#primaryimage"},"image":{"@id":"https:\/\/www.blattmannschweiz.com\/de\/produkte\/staerke-und-derivate\/trockenstaerke-dextrin\/#primaryimage"},"thumbnailUrl":"https:\/\/www.blattmannschweiz.com\/wp-content\/uploads\/2017\/10\/conventional.png","datePublished":"2017-10-04T06:50:57+00:00","dateModified":"2018-09-28T11:28:51+00:00","breadcrumb":{"@id":"https:\/\/www.blattmannschweiz.com\/de\/produkte\/staerke-und-derivate\/trockenstaerke-dextrin\/#breadcrumb"},"inLanguage":"de","potentialAction":[{"@type":"ReadAction","target":["https:\/\/www.blattmannschweiz.com\/de\/produkte\/staerke-und-derivate\/trockenstaerke-dextrin\/"]}]},{"@type":"ImageObject","inLanguage":"de","@id":"https:\/\/www.blattmannschweiz.com\/de\/produkte\/staerke-und-derivate\/trockenstaerke-dextrin\/#primaryimage","url":"https:\/\/www.blattmannschweiz.com\/wp-content\/uploads\/2017\/10\/conventional.png","contentUrl":"https:\/\/www.blattmannschweiz.com\/wp-content\/uploads\/2017\/10\/conventional.png"},{"@type":"BreadcrumbList","@id":"https:\/\/www.blattmannschweiz.com\/de\/produkte\/staerke-und-derivate\/trockenstaerke-dextrin\/#breadcrumb","itemListElement":[{"@type":"ListItem","position":1,"name":"Home","item":"https:\/\/www.blattmannschweiz.com\/de\/"},{"@type":"ListItem","position":2,"name":"Produkte","item":"https:\/\/www.blattmannschweiz.com\/de\/produkte\/"},{"@type":"ListItem","position":3,"name":"St\u00e4rke und Derivate","item":"https:\/\/www.blattmannschweiz.com\/de\/produkte\/staerke-und-derivate\/"},{"@type":"ListItem","position":4,"name":"Dextrin"}]},{"@type":"WebSite","@id":"https:\/\/www.blattmannschweiz.com\/#website","url":"https:\/\/www.blattmannschweiz.com\/","name":"Blattmann Schweiz AG","description":"Food ingredients since 1856","publisher":{"@id":"https:\/\/www.blattmannschweiz.com\/#organization"},"potentialAction":[{"@type":"SearchAction","target":{"@type":"EntryPoint","urlTemplate":"https:\/\/www.blattmannschweiz.com\/?s={search_term_string}"},"query-input":{"@type":"PropertyValueSpecification","valueRequired":true,"valueName":"search_term_string"}}],"inLanguage":"de"},{"@type":"Organization","@id":"https:\/\/www.blattmannschweiz.com\/#organization","name":"Blattmann Schweiz AG","url":"https:\/\/www.blattmannschweiz.com\/","logo":{"@type":"ImageObject","inLanguage":"de","@id":"https:\/\/www.blattmannschweiz.com\/#\/schema\/logo\/image\/","url":"https:\/\/www.blattmannschweiz.com\/wp-content\/uploads\/2018\/11\/BM-Logo.jpg","contentUrl":"https:\/\/www.blattmannschweiz.com\/wp-content\/uploads\/2018\/11\/BM-Logo.jpg","width":672,"height":103,"caption":"Blattmann Schweiz AG"},"image":{"@id":"https:\/\/www.blattmannschweiz.com\/#\/schema\/logo\/image\/"},"sameAs":["https:\/\/www.facebook.com\/BlattmannSchweizAg"]}]}},"_links":{"self":[{"href":"https:\/\/www.blattmannschweiz.com\/de\/wp-json\/wp\/v2\/pages\/1748","targetHints":{"allow":["GET"]}}],"collection":[{"href":"https:\/\/www.blattmannschweiz.com\/de\/wp-json\/wp\/v2\/pages"}],"about":[{"href":"https:\/\/www.blattmannschweiz.com\/de\/wp-json\/wp\/v2\/types\/page"}],"author":[{"embeddable":true,"href":"https:\/\/www.blattmannschweiz.com\/de\/wp-json\/wp\/v2\/users\/6"}],"replies":[{"embeddable":true,"href":"https:\/\/www.blattmannschweiz.com\/de\/wp-json\/wp\/v2\/comments?post=1748"}],"version-history":[{"count":0,"href":"https:\/\/www.blattmannschweiz.com\/de\/wp-json\/wp\/v2\/pages\/1748\/revisions"}],"up":[{"embeddable":true,"href":"https:\/\/www.blattmannschweiz.com\/de\/wp-json\/wp\/v2\/pages\/1552"}],"wp:attachment":[{"href":"https:\/\/www.blattmannschweiz.com\/de\/wp-json\/wp\/v2\/media?parent=1748"}],"wp:term":[{"taxonomy":"category","embeddable":true,"href":"https:\/\/www.blattmannschweiz.com\/de\/wp-json\/wp\/v2\/categories?post=1748"},{"taxonomy":"post_tag","embeddable":true,"href":"https:\/\/www.blattmannschweiz.com\/de\/wp-json\/wp\/v2\/tags?post=1748"}],"curies":[{"name":"wp","href":"https:\/\/api.w.org\/{rel}","templated":true}]}}