{"id":1646,"date":"2017-10-03T22:48:03","date_gmt":"2017-10-03T22:48:03","guid":{"rendered":"https:\/\/www.blattmannschweiz.com\/produkte\/staerke-und-derivate\/stabilisierte-staerke\/"},"modified":"2022-05-03T12:57:24","modified_gmt":"2022-05-03T12:57:24","slug":"modifizierte-staerke","status":"publish","type":"page","link":"https:\/\/www.blattmannschweiz.com\/de\/produkte\/staerke-und-derivate\/modifizierte-staerke\/","title":{"rendered":"Modifizierte St\u00e4rke"},"content":{"rendered":"\n[et_pb_section fb_built=&#8220;1&#8243; _builder_version=&#8220;4.16&#8243; background_image=&#8220;https:\/\/www.blattmannschweiz.com\/wp-content\/uploads\/2017\/09\/starches.jpg&#8220; custom_padding=&#8220;221px|0px|0px|0px&#8220; global_colors_info=&#8220;{}&#8220;][et_pb_row _builder_version=&#8220;4.16&#8243; global_colors_info=&#8220;{}&#8220;][et_pb_column type=&#8220;4_4&#8243; _builder_version=&#8220;4.16&#8243; custom_padding=&#8220;|||&#8220; global_colors_info=&#8220;{}&#8220; custom_padding__hover=&#8220;|||&#8220;][et_pb_text _builder_version=&#8220;4.16&#8243; header_font=&#8220;||||on&#8220; header_text_color=&#8220;#ffffff&#8220; header_font_size=&#8220;48px&#8220; global_colors_info=&#8220;{}&#8220;]<h1>Modifizierte St\u00e4rke<\/h1>[\/et_pb_text][\/et_pb_column][\/et_pb_row][\/et_pb_section][et_pb_section fb_built=&#8220;1&#8243; _builder_version=&#8220;4.16&#8243; background_color=&#8220;#fafafa&#8220; custom_padding=&#8220;50px|0px|50px|0px&#8220; global_colors_info=&#8220;{}&#8220;][et_pb_row column_structure=&#8220;1_2,1_2&#8243; _builder_version=&#8220;4.16&#8243; global_colors_info=&#8220;{}&#8220;][et_pb_column type=&#8220;1_2&#8243; _builder_version=&#8220;4.16&#8243; custom_padding=&#8220;|||&#8220; global_colors_info=&#8220;{}&#8220; custom_padding__hover=&#8220;|||&#8220;][et_pb_text _builder_version=&#8220;4.16.0&#8243; custom_margin=&#8220;|||&#8220; custom_padding=&#8220;|||&#8220; hover_enabled=&#8220;0&#8243; global_colors_info=&#8220;{}&#8220; sticky_enabled=&#8220;0&#8243;]<h2 style=\"text-align: center;\">Modifizierte St\u00e4rke<\/h2>[\/et_pb_text][et_pb_divider color=&#8220;#e7ca71&#8243; divider_weight=&#8220;4px&#8220; _builder_version=&#8220;4.16&#8243; custom_margin=&#8220;-30px||0px||false|false&#8220; global_colors_info=&#8220;{}&#8220;][\/et_pb_divider][et_pb_text _builder_version=&#8220;4.16&#8243; custom_margin=&#8220;||||false|false&#8220; custom_padding=&#8220;|2%||2%|false|false&#8220; global_colors_info=&#8220;{}&#8220;]Stabilisierte oder modifizierte St\u00e4rken werden durch chemische oder enzymatische Behandlungen von nativen St\u00e4rken gewonnen.\u00a0Dadurch k\u00f6nnen verschiedene Eigenschaften der nativen St\u00e4rke, u. a. Viskosit\u00e4t, Geliertemperatur, kolloidale Eigenschaften, Gefrier-Tau-Stabilit\u00e4t, S\u00e4urebest\u00e4ndigkeit und Scherstabilit\u00e4t, verbessert werden. Abh\u00e4ngig vom Rohstoff und der Modifikation ergeben sich unterschiedliche Anwendungsm\u00f6glichkeiten.\r[\/et_pb_text][\/et_pb_column][et_pb_column type=&#8220;1_2&#8243; _builder_version=&#8220;4.16&#8243; custom_padding=&#8220;|||&#8220; global_colors_info=&#8220;{}&#8220; custom_padding__hover=&#8220;|||&#8220;][et_pb_text _builder_version=&#8220;4.16&#8243; custom_margin=&#8220;10%||||false|false&#8220; global_colors_info=&#8220;{}&#8220;]<table width=\"580\">\n<tbody>\n<tr>\n<td style=\"width: 205px; text-align: center;\"><img decoding=\"async\" class=\"wp-image-1951 alignnone size-full lazyload\" data-src=\"https:\/\/www.blattmannschweiz.com\/wp-content\/uploads\/2017\/10\/conventional.png\" alt=\"\" width=\"80\" height=\"80\" src=\"data:image\/gif;base64,R0lGODlhAQABAAAAACH5BAEKAAEALAAAAAABAAEAAAICTAEAOw==\" style=\"--smush-placeholder-width: 80px; --smush-placeholder-aspect-ratio: 80\/80;\" \/><\/td>\n<td style=\"width: 359px;\">\n<h4>Konventionelle Qualit\u00e4t<\/h4>\n<ul>\n<li><strong>AGENADYN<span style=\"color: #ff0000;\">*<br \/><\/span><\/strong><span style=\"color: #666666;\">d\u00fcnnkochende Maisst\u00e4rke<\/span><strong><span style=\"color: #ff0000;\"><br \/><\/span><\/strong><strong><span style=\"color: #ff0000;\"><\/span><\/strong><\/li>\n<li><strong>AGENAJEL<span style=\"color: #ff0000;\">*<br \/><\/span><\/strong><span style=\"color: #666666;\">E1422 und E1442 modifizierte Wachsmaisst\u00e4rke<\/span><\/li>\n<\/ul>\n<\/td>\n<\/tr>\n<\/tbody>\n<\/table>[\/et_pb_text][et_pb_text _builder_version=&#8220;4.4.7&#8243; custom_padding=&#8220;|2%||2%|false|false&#8220; global_module=&#8220;4434&#8243; global_colors_info=&#8220;{}&#8220;]<p><strong><span style=\"color: #ff0000;\">*<\/span><\/strong> Produkt nur in der Schweiz und in Liechtenstein erh\u00e4ltlich<\/p>\n[\/et_pb_text][\/et_pb_column][\/et_pb_row][et_pb_row column_structure=&#8220;1_2,1_2&#8243; _builder_version=&#8220;4.16&#8243; global_colors_info=&#8220;{}&#8220;][et_pb_column type=&#8220;1_2&#8243; _builder_version=&#8220;4.16&#8243; custom_padding=&#8220;|||&#8220; global_colors_info=&#8220;{}&#8220; custom_padding__hover=&#8220;|||&#8220;][et_pb_text _builder_version=&#8220;4.16&#8243; global_colors_info=&#8220;{}&#8220;]<h2 style=\"text-align: center;\">Eigenschaften<\/h2>\r[\/et_pb_text][et_pb_divider color=&#8220;#e7ca71&#8243; divider_weight=&#8220;4px&#8220; _builder_version=&#8220;4.16&#8243; custom_margin=&#8220;-30px||0px||false|false&#8220; global_colors_info=&#8220;{}&#8220;][\/et_pb_divider][et_pb_text _builder_version=&#8220;4.16&#8243; text_orientation=&#8220;center&#8220; module_alignment=&#8220;center&#8220; global_colors_info=&#8220;{}&#8220;]<p class=\"p1\"><img decoding=\"async\" class=\"wp-image-2395 alignnone size-full lazyload\" data-src=\"https:\/\/www.blattmannschweiz.com\/wp-content\/uploads\/2017\/10\/checked-box.png\" alt=\"\" width=\"32\" height=\"32\" src=\"data:image\/gif;base64,R0lGODlhAQABAAAAACH5BAEKAAEALAAAAAABAAEAAAICTAEAOw==\" style=\"--smush-placeholder-width: 32px; --smush-placeholder-aspect-ratio: 32\/32;\" \/> Viskosit\u00e4t und Textur<\/p>[\/et_pb_text][et_pb_text _builder_version=&#8220;4.16&#8243; text_orientation=&#8220;center&#8220; module_alignment=&#8220;center&#8220; global_colors_info=&#8220;{}&#8220;]<p class=\"p1\"><img decoding=\"async\" class=\"wp-image-2395 alignnone size-full lazyload\" data-src=\"https:\/\/www.blattmannschweiz.com\/wp-content\/uploads\/2017\/10\/checked-box.png\" alt=\"\" width=\"32\" height=\"32\" src=\"data:image\/gif;base64,R0lGODlhAQABAAAAACH5BAEKAAEALAAAAAABAAEAAAICTAEAOw==\" style=\"--smush-placeholder-width: 32px; --smush-placeholder-aspect-ratio: 32\/32;\" \/> Gute Prozessstabilit\u00e4t (Hitze, Scherung, S\u00e4ure, Gefrier-Tau)<\/p>[\/et_pb_text][\/et_pb_column][et_pb_column type=&#8220;1_2&#8243; _builder_version=&#8220;4.16&#8243; custom_padding=&#8220;|||&#8220; global_colors_info=&#8220;{}&#8220; custom_padding__hover=&#8220;|||&#8220;][et_pb_text _builder_version=&#8220;4.16&#8243; global_colors_info=&#8220;{}&#8220;]<h3 style=\"text-align: center;\">Anwendungen<\/h3>[\/et_pb_text][et_pb_divider color=&#8220;#e7ca71&#8243; divider_weight=&#8220;4px&#8220; _builder_version=&#8220;4.16&#8243; custom_margin=&#8220;-30px||0px||false|false&#8220; global_colors_info=&#8220;{}&#8220;][\/et_pb_divider][et_pb_text _builder_version=&#8220;4.16&#8243; custom_margin=&#8220;||0px||false|false&#8220; custom_padding=&#8220;|2%||2%|false|false&#8220; global_colors_info=&#8220;{}&#8220;]<h3>Backwaren<\/h3>\r\n<ul>\r\n \t<li>Frische und gefrorene Kuchenf\u00fcllungen<\/li>\r\n \t<li>Backcremes<\/li>\r\n \t<li>Fruchtf\u00fcllungen<\/li>\r\n<\/ul>\r[\/et_pb_text][et_pb_text _builder_version=&#8220;4.16&#8243; custom_margin=&#8220;||0px||false|false&#8220; custom_padding=&#8220;|2%||2%|false|false&#8220; global_colors_info=&#8220;{}&#8220;]<h3>Fertiggerichte<\/h3>\r\n<ul>\r\n \t<li>Gefrorene Suppen und Saucen<\/li>\r\n \t<li>UHT Suppen und Saucen<\/li>\r\n \t<li>Dressings<\/li>\r\n<\/ul>\r[\/et_pb_text][et_pb_text _builder_version=&#8220;4.16&#8243; custom_padding=&#8220;|2%||2%|false|false&#8220; global_colors_info=&#8220;{}&#8220;]<h3>Milchprodukte &amp; Eiscreme<\/h3>\r\n<ul>\r\n \t<li>UHT Desserts<\/li>\r\n<\/ul>\r[\/et_pb_text][\/et_pb_column][\/et_pb_row][\/et_pb_section]\n","protected":false},"excerpt":{"rendered":"<p>Modifizierte St\u00e4rkeModifizierte St\u00e4rkeStabilisierte oder modifizierte St\u00e4rken werden durch chemische oder enzymatische Behandlungen von nativen St\u00e4rken gewonnen.\u00a0Dadurch k\u00f6nnen verschiedene Eigenschaften der nativen St\u00e4rke, u. a. Viskosit\u00e4t, Geliertemperatur, kolloidale Eigenschaften, Gefrier-Tau-Stabilit\u00e4t, S\u00e4urebest\u00e4ndigkeit und Scherstabilit\u00e4t, verbessert werden. Abh\u00e4ngig vom Rohstoff und der Modifikation ergeben sich unterschiedliche Anwendungsm\u00f6glichkeiten. Konventionelle Qualit\u00e4t AGENADYN*d\u00fcnnkochende Maisst\u00e4rke AGENAJEL*E1422 und E1442 modifizierte Wachsmaisst\u00e4rke * Produkt [&hellip;]<\/p>\n","protected":false},"author":6,"featured_media":0,"parent":1552,"menu_order":0,"comment_status":"closed","ping_status":"closed","template":"","meta":{"_et_pb_use_builder":"on","_et_pb_old_content":"Tst","_et_gb_content_width":"","_monsterinsights_skip_tracking":false,"_monsterinsights_sitenote_active":false,"_monsterinsights_sitenote_note":"","_monsterinsights_sitenote_category":0,"footnotes":""},"categories":[],"tags":[],"class_list":["post-1646","page","type-page","status-publish","hentry"],"yoast_head":"<!-- This site is optimized with the Yoast SEO plugin v25.2 - https:\/\/yoast.com\/wordpress\/plugins\/seo\/ -->\n<title>Modifizierte St\u00e4rke - Blattmann Group<\/title>\n<meta name=\"robots\" content=\"index, follow, max-snippet:-1, max-image-preview:large, max-video-preview:-1\" \/>\n<link rel=\"canonical\" href=\"https:\/\/www.blattmannschweiz.com\/de\/produkte\/staerke-und-derivate\/modifizierte-staerke\/\" \/>\n<meta property=\"og:locale\" content=\"de_DE\" \/>\n<meta property=\"og:type\" content=\"article\" \/>\n<meta property=\"og:title\" content=\"Modifizierte St\u00e4rke - Blattmann Group\" \/>\n<meta property=\"og:description\" content=\"Modifizierte St\u00e4rkeModifizierte St\u00e4rkeStabilisierte oder modifizierte St\u00e4rken werden durch chemische oder enzymatische Behandlungen von nativen St\u00e4rken gewonnen.\u00a0Dadurch k\u00f6nnen verschiedene Eigenschaften der nativen St\u00e4rke, u. a. Viskosit\u00e4t, Geliertemperatur, kolloidale Eigenschaften, Gefrier-Tau-Stabilit\u00e4t, S\u00e4urebest\u00e4ndigkeit und Scherstabilit\u00e4t, verbessert werden. Abh\u00e4ngig vom Rohstoff und der Modifikation ergeben sich unterschiedliche Anwendungsm\u00f6glichkeiten. Konventionelle Qualit\u00e4t AGENADYN*d\u00fcnnkochende Maisst\u00e4rke AGENAJEL*E1422 und E1442 modifizierte Wachsmaisst\u00e4rke * Produkt [&hellip;]\" \/>\n<meta property=\"og:url\" content=\"https:\/\/www.blattmannschweiz.com\/de\/produkte\/staerke-und-derivate\/modifizierte-staerke\/\" \/>\n<meta property=\"og:site_name\" content=\"Blattmann Group\" \/>\n<meta property=\"article:publisher\" content=\"https:\/\/www.facebook.com\/BlattmannSchweizAg\" \/>\n<meta property=\"article:modified_time\" content=\"2022-05-03T12:57:24+00:00\" \/>\n<meta property=\"og:image\" content=\"https:\/\/www.blattmannschweiz.com\/wp-content\/uploads\/2017\/10\/conventional.png\" \/>\n<meta name=\"twitter:card\" content=\"summary_large_image\" \/>\n<meta name=\"twitter:label1\" content=\"Gesch\u00e4tzte Lesezeit\" \/>\n\t<meta name=\"twitter:data1\" content=\"2\u00a0Minuten\" \/>\n<script type=\"application\/ld+json\" class=\"yoast-schema-graph\">{\"@context\":\"https:\/\/schema.org\",\"@graph\":[{\"@type\":\"WebPage\",\"@id\":\"https:\/\/www.blattmannschweiz.com\/de\/produkte\/staerke-und-derivate\/modifizierte-staerke\/\",\"url\":\"https:\/\/www.blattmannschweiz.com\/de\/produkte\/staerke-und-derivate\/modifizierte-staerke\/\",\"name\":\"Modifizierte St\u00e4rke - Blattmann Group\",\"isPartOf\":{\"@id\":\"https:\/\/www.blattmannschweiz.com\/#website\"},\"primaryImageOfPage\":{\"@id\":\"https:\/\/www.blattmannschweiz.com\/de\/produkte\/staerke-und-derivate\/modifizierte-staerke\/#primaryimage\"},\"image\":{\"@id\":\"https:\/\/www.blattmannschweiz.com\/de\/produkte\/staerke-und-derivate\/modifizierte-staerke\/#primaryimage\"},\"thumbnailUrl\":\"https:\/\/www.blattmannschweiz.com\/wp-content\/uploads\/2017\/10\/conventional.png\",\"datePublished\":\"2017-10-03T22:48:03+00:00\",\"dateModified\":\"2022-05-03T12:57:24+00:00\",\"breadcrumb\":{\"@id\":\"https:\/\/www.blattmannschweiz.com\/de\/produkte\/staerke-und-derivate\/modifizierte-staerke\/#breadcrumb\"},\"inLanguage\":\"de\",\"potentialAction\":[{\"@type\":\"ReadAction\",\"target\":[\"https:\/\/www.blattmannschweiz.com\/de\/produkte\/staerke-und-derivate\/modifizierte-staerke\/\"]}]},{\"@type\":\"ImageObject\",\"inLanguage\":\"de\",\"@id\":\"https:\/\/www.blattmannschweiz.com\/de\/produkte\/staerke-und-derivate\/modifizierte-staerke\/#primaryimage\",\"url\":\"https:\/\/www.blattmannschweiz.com\/wp-content\/uploads\/2017\/10\/conventional.png\",\"contentUrl\":\"https:\/\/www.blattmannschweiz.com\/wp-content\/uploads\/2017\/10\/conventional.png\"},{\"@type\":\"BreadcrumbList\",\"@id\":\"https:\/\/www.blattmannschweiz.com\/de\/produkte\/staerke-und-derivate\/modifizierte-staerke\/#breadcrumb\",\"itemListElement\":[{\"@type\":\"ListItem\",\"position\":1,\"name\":\"Home\",\"item\":\"https:\/\/www.blattmannschweiz.com\/de\/\"},{\"@type\":\"ListItem\",\"position\":2,\"name\":\"Produkte\",\"item\":\"https:\/\/www.blattmannschweiz.com\/de\/produkte\/\"},{\"@type\":\"ListItem\",\"position\":3,\"name\":\"St\u00e4rke und Derivate\",\"item\":\"https:\/\/www.blattmannschweiz.com\/de\/produkte\/staerke-und-derivate\/\"},{\"@type\":\"ListItem\",\"position\":4,\"name\":\"Modifizierte St\u00e4rke\"}]},{\"@type\":\"WebSite\",\"@id\":\"https:\/\/www.blattmannschweiz.com\/#website\",\"url\":\"https:\/\/www.blattmannschweiz.com\/\",\"name\":\"Blattmann Schweiz AG\",\"description\":\"Food ingredients since 1856\",\"publisher\":{\"@id\":\"https:\/\/www.blattmannschweiz.com\/#organization\"},\"potentialAction\":[{\"@type\":\"SearchAction\",\"target\":{\"@type\":\"EntryPoint\",\"urlTemplate\":\"https:\/\/www.blattmannschweiz.com\/?s={search_term_string}\"},\"query-input\":{\"@type\":\"PropertyValueSpecification\",\"valueRequired\":true,\"valueName\":\"search_term_string\"}}],\"inLanguage\":\"de\"},{\"@type\":\"Organization\",\"@id\":\"https:\/\/www.blattmannschweiz.com\/#organization\",\"name\":\"Blattmann Schweiz AG\",\"url\":\"https:\/\/www.blattmannschweiz.com\/\",\"logo\":{\"@type\":\"ImageObject\",\"inLanguage\":\"de\",\"@id\":\"https:\/\/www.blattmannschweiz.com\/#\/schema\/logo\/image\/\",\"url\":\"https:\/\/www.blattmannschweiz.com\/wp-content\/uploads\/2018\/11\/BM-Logo.jpg\",\"contentUrl\":\"https:\/\/www.blattmannschweiz.com\/wp-content\/uploads\/2018\/11\/BM-Logo.jpg\",\"width\":672,\"height\":103,\"caption\":\"Blattmann Schweiz AG\"},\"image\":{\"@id\":\"https:\/\/www.blattmannschweiz.com\/#\/schema\/logo\/image\/\"},\"sameAs\":[\"https:\/\/www.facebook.com\/BlattmannSchweizAg\"]}]}<\/script>\n<!-- \/ Yoast SEO plugin. -->","yoast_head_json":{"title":"Modifizierte St\u00e4rke - Blattmann Group","robots":{"index":"index","follow":"follow","max-snippet":"max-snippet:-1","max-image-preview":"max-image-preview:large","max-video-preview":"max-video-preview:-1"},"canonical":"https:\/\/www.blattmannschweiz.com\/de\/produkte\/staerke-und-derivate\/modifizierte-staerke\/","og_locale":"de_DE","og_type":"article","og_title":"Modifizierte St\u00e4rke - Blattmann Group","og_description":"Modifizierte St\u00e4rkeModifizierte St\u00e4rkeStabilisierte oder modifizierte St\u00e4rken werden durch chemische oder enzymatische Behandlungen von nativen St\u00e4rken gewonnen.\u00a0Dadurch k\u00f6nnen verschiedene Eigenschaften der nativen St\u00e4rke, u. a. Viskosit\u00e4t, Geliertemperatur, kolloidale Eigenschaften, Gefrier-Tau-Stabilit\u00e4t, S\u00e4urebest\u00e4ndigkeit und Scherstabilit\u00e4t, verbessert werden. Abh\u00e4ngig vom Rohstoff und der Modifikation ergeben sich unterschiedliche Anwendungsm\u00f6glichkeiten. Konventionelle Qualit\u00e4t AGENADYN*d\u00fcnnkochende Maisst\u00e4rke AGENAJEL*E1422 und E1442 modifizierte Wachsmaisst\u00e4rke * Produkt [&hellip;]","og_url":"https:\/\/www.blattmannschweiz.com\/de\/produkte\/staerke-und-derivate\/modifizierte-staerke\/","og_site_name":"Blattmann Group","article_publisher":"https:\/\/www.facebook.com\/BlattmannSchweizAg","article_modified_time":"2022-05-03T12:57:24+00:00","og_image":[{"url":"https:\/\/www.blattmannschweiz.com\/wp-content\/uploads\/2017\/10\/conventional.png","type":"","width":"","height":""}],"twitter_card":"summary_large_image","twitter_misc":{"Gesch\u00e4tzte Lesezeit":"2\u00a0Minuten"},"schema":{"@context":"https:\/\/schema.org","@graph":[{"@type":"WebPage","@id":"https:\/\/www.blattmannschweiz.com\/de\/produkte\/staerke-und-derivate\/modifizierte-staerke\/","url":"https:\/\/www.blattmannschweiz.com\/de\/produkte\/staerke-und-derivate\/modifizierte-staerke\/","name":"Modifizierte St\u00e4rke - Blattmann Group","isPartOf":{"@id":"https:\/\/www.blattmannschweiz.com\/#website"},"primaryImageOfPage":{"@id":"https:\/\/www.blattmannschweiz.com\/de\/produkte\/staerke-und-derivate\/modifizierte-staerke\/#primaryimage"},"image":{"@id":"https:\/\/www.blattmannschweiz.com\/de\/produkte\/staerke-und-derivate\/modifizierte-staerke\/#primaryimage"},"thumbnailUrl":"https:\/\/www.blattmannschweiz.com\/wp-content\/uploads\/2017\/10\/conventional.png","datePublished":"2017-10-03T22:48:03+00:00","dateModified":"2022-05-03T12:57:24+00:00","breadcrumb":{"@id":"https:\/\/www.blattmannschweiz.com\/de\/produkte\/staerke-und-derivate\/modifizierte-staerke\/#breadcrumb"},"inLanguage":"de","potentialAction":[{"@type":"ReadAction","target":["https:\/\/www.blattmannschweiz.com\/de\/produkte\/staerke-und-derivate\/modifizierte-staerke\/"]}]},{"@type":"ImageObject","inLanguage":"de","@id":"https:\/\/www.blattmannschweiz.com\/de\/produkte\/staerke-und-derivate\/modifizierte-staerke\/#primaryimage","url":"https:\/\/www.blattmannschweiz.com\/wp-content\/uploads\/2017\/10\/conventional.png","contentUrl":"https:\/\/www.blattmannschweiz.com\/wp-content\/uploads\/2017\/10\/conventional.png"},{"@type":"BreadcrumbList","@id":"https:\/\/www.blattmannschweiz.com\/de\/produkte\/staerke-und-derivate\/modifizierte-staerke\/#breadcrumb","itemListElement":[{"@type":"ListItem","position":1,"name":"Home","item":"https:\/\/www.blattmannschweiz.com\/de\/"},{"@type":"ListItem","position":2,"name":"Produkte","item":"https:\/\/www.blattmannschweiz.com\/de\/produkte\/"},{"@type":"ListItem","position":3,"name":"St\u00e4rke und Derivate","item":"https:\/\/www.blattmannschweiz.com\/de\/produkte\/staerke-und-derivate\/"},{"@type":"ListItem","position":4,"name":"Modifizierte St\u00e4rke"}]},{"@type":"WebSite","@id":"https:\/\/www.blattmannschweiz.com\/#website","url":"https:\/\/www.blattmannschweiz.com\/","name":"Blattmann Schweiz AG","description":"Food ingredients since 1856","publisher":{"@id":"https:\/\/www.blattmannschweiz.com\/#organization"},"potentialAction":[{"@type":"SearchAction","target":{"@type":"EntryPoint","urlTemplate":"https:\/\/www.blattmannschweiz.com\/?s={search_term_string}"},"query-input":{"@type":"PropertyValueSpecification","valueRequired":true,"valueName":"search_term_string"}}],"inLanguage":"de"},{"@type":"Organization","@id":"https:\/\/www.blattmannschweiz.com\/#organization","name":"Blattmann Schweiz AG","url":"https:\/\/www.blattmannschweiz.com\/","logo":{"@type":"ImageObject","inLanguage":"de","@id":"https:\/\/www.blattmannschweiz.com\/#\/schema\/logo\/image\/","url":"https:\/\/www.blattmannschweiz.com\/wp-content\/uploads\/2018\/11\/BM-Logo.jpg","contentUrl":"https:\/\/www.blattmannschweiz.com\/wp-content\/uploads\/2018\/11\/BM-Logo.jpg","width":672,"height":103,"caption":"Blattmann Schweiz AG"},"image":{"@id":"https:\/\/www.blattmannschweiz.com\/#\/schema\/logo\/image\/"},"sameAs":["https:\/\/www.facebook.com\/BlattmannSchweizAg"]}]}},"_links":{"self":[{"href":"https:\/\/www.blattmannschweiz.com\/de\/wp-json\/wp\/v2\/pages\/1646","targetHints":{"allow":["GET"]}}],"collection":[{"href":"https:\/\/www.blattmannschweiz.com\/de\/wp-json\/wp\/v2\/pages"}],"about":[{"href":"https:\/\/www.blattmannschweiz.com\/de\/wp-json\/wp\/v2\/types\/page"}],"author":[{"embeddable":true,"href":"https:\/\/www.blattmannschweiz.com\/de\/wp-json\/wp\/v2\/users\/6"}],"replies":[{"embeddable":true,"href":"https:\/\/www.blattmannschweiz.com\/de\/wp-json\/wp\/v2\/comments?post=1646"}],"version-history":[{"count":0,"href":"https:\/\/www.blattmannschweiz.com\/de\/wp-json\/wp\/v2\/pages\/1646\/revisions"}],"up":[{"embeddable":true,"href":"https:\/\/www.blattmannschweiz.com\/de\/wp-json\/wp\/v2\/pages\/1552"}],"wp:attachment":[{"href":"https:\/\/www.blattmannschweiz.com\/de\/wp-json\/wp\/v2\/media?parent=1646"}],"wp:term":[{"taxonomy":"category","embeddable":true,"href":"https:\/\/www.blattmannschweiz.com\/de\/wp-json\/wp\/v2\/categories?post=1646"},{"taxonomy":"post_tag","embeddable":true,"href":"https:\/\/www.blattmannschweiz.com\/de\/wp-json\/wp\/v2\/tags?post=1646"}],"curies":[{"name":"wp","href":"https:\/\/api.w.org\/{rel}","templated":true}]}}