{"id":1599,"date":"2017-10-03T20:45:41","date_gmt":"2017-10-03T20:45:41","guid":{"rendered":"https:\/\/www.blattmannschweiz.com\/produkte\/suessstoffe\/dextrose\/"},"modified":"2022-10-18T12:57:31","modified_gmt":"2022-10-18T12:57:31","slug":"dextrose","status":"publish","type":"page","link":"https:\/\/www.blattmannschweiz.com\/de\/produkte\/suessstoffe\/dextrose\/","title":{"rendered":"Dextrose"},"content":{"rendered":"<p>[et_pb_section fb_built=&#8220;1&#8243; _builder_version=&#8220;4.16&#8243; background_image=&#8220;https:\/\/www.blattmannschweiz.com\/wp-content\/uploads\/2017\/10\/sweeteners.jpg&#8220; custom_padding=&#8220;221px|0px|0px|0px&#8220; global_colors_info=&#8220;{}&#8220;][et_pb_row _builder_version=&#8220;4.16&#8243; global_colors_info=&#8220;{}&#8220;][et_pb_column type=&#8220;4_4&#8243; _builder_version=&#8220;4.16&#8243; custom_padding=&#8220;|||&#8220; global_colors_info=&#8220;{}&#8220; custom_padding__hover=&#8220;|||&#8220;][et_pb_text _builder_version=&#8220;4.16&#8243; header_font=&#8220;||||on&#8220; header_text_color=&#8220;#ffffff&#8220; header_font_size=&#8220;48px&#8220; global_colors_info=&#8220;{}&#8220;]<\/p>\n<h1>Dextrose<\/h1>\n<p>[\/et_pb_text][\/et_pb_column][\/et_pb_row][\/et_pb_section][et_pb_section fb_built=&#8220;1&#8243; _builder_version=&#8220;4.16&#8243; background_color=&#8220;#fafafa&#8220; custom_padding=&#8220;50px|0px|50px|0px&#8220; global_colors_info=&#8220;{}&#8220;][et_pb_row column_structure=&#8220;1_2,1_2&#8243; _builder_version=&#8220;4.16&#8243; global_colors_info=&#8220;{}&#8220;][et_pb_column type=&#8220;1_2&#8243; _builder_version=&#8220;4.16&#8243; custom_padding=&#8220;|||&#8220; global_colors_info=&#8220;{}&#8220; custom_padding__hover=&#8220;|||&#8220;][et_pb_text _builder_version=&#8220;4.16&#8243; custom_margin=&#8220;|||&#8220; custom_padding=&#8220;|||&#8220; border_width_bottom=&#8220;4px&#8220; border_color_bottom=&#8220;#e7ca71&#8243; global_colors_info=&#8220;{}&#8220;]<\/p>\n<h1 style=\"text-align: center;\">Dextrose<\/h1>\n<p>[\/et_pb_text][et_pb_text _builder_version=&#8220;4.16.0&#8243; custom_margin=&#8220;||||false|false&#8220; custom_padding=&#8220;|2%||2%|false|false&#8220; global_colors_info=&#8220;{}&#8220;]Dextrose ist aufgrund ihrer funktionellen, sensorischen und ern\u00e4hrungsphysiologischen Eigenschaften zu einer unumg\u00e4nglichen Zutat in vielen Bereichen der Nahrungsmittel- und Getr\u00e4nkeherstellung geworden. Dank ihrem angenehmen, puren, s\u00fcssen und k\u00fchlenden Geschmack wird sie seit Jahren zum S\u00fcssen in einer breiten Palette von Anwendungen eingesetzt.[\/et_pb_text][\/et_pb_column][et_pb_column type=&#8220;1_2&#8243; _builder_version=&#8220;4.16&#8243; custom_padding=&#8220;|||&#8220; global_colors_info=&#8220;{}&#8220; custom_padding__hover=&#8220;|||&#8220;][et_pb_text _builder_version=&#8220;4.16.0&#8243; hover_enabled=&#8220;0&#8243; global_colors_info=&#8220;{}&#8220; sticky_enabled=&#8220;0&#8243;]<\/p>\n<table width=\"580\">\n<tbody>\n<tr>\n<td style=\"width: 205px; text-align: center;\"><a href=\"http:\/\/www.blattmannschweiz.com\/wp-content\/uploads\/2017\/10\/organic.png\"><img decoding=\"async\" class=\"wp-image-1950 alignnone size-full lazyload\" data-src=\"https:\/\/www.blattmannschweiz.com\/wp-content\/uploads\/2017\/10\/organic.png\" alt=\"Blattmann Schweiz Organic Quality\" width=\"80\" height=\"80\" src=\"data:image\/gif;base64,R0lGODlhAQABAAAAACH5BAEKAAEALAAAAAABAAEAAAICTAEAOw==\" style=\"--smush-placeholder-width: 80px; --smush-placeholder-aspect-ratio: 80\/80;\" \/><\/a><\/td>\n<td style=\"width: 359px;\">\n<h4>Bio-Qualit\u00e4t<\/h4>\n<ul>\n<li><strong>DEXTRODYN<span style=\"color: #ff0000;\">*<\/span><br \/><\/strong>kristalline Dextrose aus Mais<\/li>\n<\/ul>\n<\/td>\n<\/tr>\n<tr>\n<td style=\"width: 205px; text-align: center;\"><img decoding=\"async\" class=\"wp-image-1951 alignnone size-full lazyload\" data-src=\"https:\/\/www.blattmannschweiz.com\/wp-content\/uploads\/2017\/10\/conventional.png\" alt=\"\" width=\"80\" height=\"80\" src=\"data:image\/gif;base64,R0lGODlhAQABAAAAACH5BAEKAAEALAAAAAABAAEAAAICTAEAOw==\" style=\"--smush-placeholder-width: 80px; --smush-placeholder-aspect-ratio: 80\/80;\" \/><\/td>\n<td style=\"width: 359px;\">\n<h4>Konventionelle Qualit\u00e4t<\/h4>\n<ul>\n<li><strong>DEXTRODYN<span style=\"color: #ff0000;\">*<\/span><br \/><\/strong>kristalline Dextrose aus Mais<\/li>\n<\/ul>\n<\/td>\n<\/tr>\n<\/tbody>\n<\/table>\n<p>[\/et_pb_text][et_pb_text _builder_version=&#8220;4.4.7&#8243; custom_padding=&#8220;|2%||2%|false|false&#8220; global_module=&#8220;4434&#8243; saved_tabs=&#8220;all&#8220; global_colors_info=&#8220;{}&#8220;]<\/p>\n<p><strong><span style=\"color: #ff0000;\">*<\/span><\/strong> Produkt nur in der Schweiz und in Liechtenstein erh\u00e4ltlich<\/p>\n<p>[\/et_pb_text][\/et_pb_column][\/et_pb_row][et_pb_row column_structure=&#8220;1_2,1_2&#8243; _builder_version=&#8220;4.16&#8243; global_colors_info=&#8220;{}&#8220;][et_pb_column type=&#8220;1_2&#8243; _builder_version=&#8220;4.16&#8243; custom_padding=&#8220;|||&#8220; global_colors_info=&#8220;{}&#8220; custom_padding__hover=&#8220;|||&#8220;][et_pb_text _builder_version=&#8220;4.16&#8243; border_width_bottom=&#8220;4px&#8220; border_color_bottom=&#8220;#e7ca71&#8243; global_colors_info=&#8220;{}&#8220;]<\/p>\n<h2 style=\"text-align: center;\">Eigenschaften<\/h2>\n<p>[\/et_pb_text][et_pb_divider show_divider=&#8220;off&#8220; _builder_version=&#8220;4.16&#8243; max_width=&#8220;20%&#8220; module_alignment=&#8220;center&#8220; custom_margin=&#8220;||-30px|&#8220; custom_padding=&#8220;-30px|||&#8220; global_colors_info=&#8220;{}&#8220;][\/et_pb_divider][et_pb_text _builder_version=&#8220;4.16.0&#8243; text_orientation=&#8220;center&#8220; module_alignment=&#8220;center&#8220; global_colors_info=&#8220;{}&#8220;]<\/p>\n<p class=\"p1\"><img decoding=\"async\" class=\"wp-image-2395 alignnone size-full lazyload\" data-src=\"https:\/\/www.blattmannschweiz.com\/wp-content\/uploads\/2017\/10\/checked-box.png\" alt=\"\" width=\"32\" height=\"32\" src=\"data:image\/gif;base64,R0lGODlhAQABAAAAACH5BAEKAAEALAAAAAABAAEAAAICTAEAOw==\" style=\"--smush-placeholder-width: 32px; --smush-placeholder-aspect-ratio: 32\/32;\" \/> klarer s\u00fcsser Geschmack<\/p>\n<p class=\"p1\"><img decoding=\"async\" class=\"wp-image-2395 alignnone size-full lazyload\" data-src=\"https:\/\/www.blattmannschweiz.com\/wp-content\/uploads\/2017\/10\/checked-box.png\" alt=\"\" width=\"32\" height=\"32\" src=\"data:image\/gif;base64,R0lGODlhAQABAAAAACH5BAEKAAEALAAAAAABAAEAAAICTAEAOw==\" style=\"--smush-placeholder-width: 32px; --smush-placeholder-aspect-ratio: 32\/32;\" \/> sp\u00fcrbare k\u00fchlende Wirkung<\/p>\n<p class=\"p1\"><img decoding=\"async\" class=\"wp-image-2395 alignnone size-full lazyload\" data-src=\"https:\/\/www.blattmannschweiz.com\/wp-content\/uploads\/2017\/10\/checked-box.png\" alt=\"\" width=\"32\" height=\"32\" src=\"data:image\/gif;base64,R0lGODlhAQABAAAAACH5BAEKAAEALAAAAAABAAEAAAICTAEAOw==\" style=\"--smush-placeholder-width: 32px; --smush-placeholder-aspect-ratio: 32\/32;\" \/> hohe G\u00e4rf\u00e4higkeit<\/p>\n<p class=\"p1\"><img decoding=\"async\" class=\"wp-image-2395 alignnone size-full lazyload\" data-src=\"https:\/\/www.blattmannschweiz.com\/wp-content\/uploads\/2017\/10\/checked-box.png\" alt=\"\" width=\"32\" height=\"32\" src=\"data:image\/gif;base64,R0lGODlhAQABAAAAACH5BAEKAAEALAAAAAABAAEAAAICTAEAOw==\" style=\"--smush-placeholder-width: 32px; --smush-placeholder-aspect-ratio: 32\/32;\" \/> hoger Br\u00e4unungseffekt (Maillard-Reaktion)<\/p>\n<p>[\/et_pb_text][\/et_pb_column][et_pb_column type=&#8220;1_2&#8243; _builder_version=&#8220;4.16&#8243; custom_padding=&#8220;|||&#8220; global_colors_info=&#8220;{}&#8220; custom_padding__hover=&#8220;|||&#8220;][et_pb_text _builder_version=&#8220;4.16&#8243; border_width_bottom=&#8220;4px&#8220; border_color_bottom=&#8220;#e7ca71&#8243; global_colors_info=&#8220;{}&#8220;]<\/p>\n<h3 style=\"text-align: center;\">Anwendungen<\/h3>\n<p>[\/et_pb_text][et_pb_text _builder_version=&#8220;4.16&#8243; custom_margin=&#8220;||0px||false|false&#8220; custom_padding=&#8220;|2%||2%|false|false&#8220; global_colors_info=&#8220;{}&#8220;]<\/p>\n<h3>Backwaren<\/h3>\n<ul>\n<li>Fermentierte Produkte<\/li>\n<li>Kekse &amp; Biscuits<\/li>\n<li>Kuchen<\/li>\n<li>Icing &amp; Glasuren<\/li>\n<\/ul>\n<p>[\/et_pb_text][et_pb_text _builder_version=&#8220;4.16&#8243; custom_margin=&#8220;||0px||false|false&#8220; custom_padding=&#8220;|2%||2%|false|false&#8220; global_colors_info=&#8220;{}&#8220;]<\/p>\n<h3>Getr\u00e4nke<\/h3>\n<ul>\n<li>Alkoholfreie Getr\u00e4nke<\/li>\n<li>Energy Drinks<\/li>\n<li>Instant Tees<\/li>\n<\/ul>\n<p>[\/et_pb_text][et_pb_text _builder_version=&#8220;4.16&#8243; custom_margin=&#8220;||0px||false|false&#8220; custom_padding=&#8220;|2%||2%|false|false&#8220; global_colors_info=&#8220;{}&#8220;]<\/p>\n<h3>S\u00fcsswaren<\/h3>\n<ul>\n<li>Toffees, Karamellen, Fudge<\/li>\n<li>Marshmallows<\/li>\n<li>F\u00fcllungen<\/li>\n<\/ul>\n<p>[\/et_pb_text][et_pb_text _builder_version=&#8220;4.16&#8243; custom_margin=&#8220;||0px||false|false&#8220; custom_padding=&#8220;|2%||2%|false|false&#8220; global_colors_info=&#8220;{}&#8220;]<\/p>\n<h3>Fertiggerichte<\/h3>\n<ul>\n<li>Trockenmischungen<\/li>\n<li>Gew\u00fcrze<\/li>\n<\/ul>\n<p>[\/et_pb_text][et_pb_text _builder_version=&#8220;4.16&#8243; custom_padding=&#8220;|2%||2%|false|false&#8220; global_colors_info=&#8220;{}&#8220;]<\/p>\n<h3>Milchprodukte<\/h3>\n<ul>\n<li>Gefrorene Desserts<\/li>\n<li>Milchgetr\u00e4nke<\/li>\n<li>Cremes &amp; F\u00fcllungen<\/li>\n<\/ul>\n<p>[\/et_pb_text][\/et_pb_column][\/et_pb_row][\/et_pb_section]<\/p>\n","protected":false},"excerpt":{"rendered":"<p>Dextrose Dextrose Dextrose ist aufgrund ihrer funktionellen, sensorischen und ern\u00e4hrungsphysiologischen Eigenschaften zu einer unumg\u00e4nglichen Zutat in vielen Bereichen der Nahrungsmittel- und Getr\u00e4nkeherstellung geworden. Dank ihrem angenehmen, puren, s\u00fcssen und k\u00fchlenden Geschmack wird sie seit Jahren zum S\u00fcssen in einer breiten Palette von Anwendungen eingesetzt. Bio-Qualit\u00e4t DEXTRODYN*kristalline Dextrose aus Mais Konventionelle Qualit\u00e4t DEXTRODYN*kristalline Dextrose aus Mais [&hellip;]<\/p>\n","protected":false},"author":6,"featured_media":0,"parent":1500,"menu_order":0,"comment_status":"closed","ping_status":"closed","template":"","meta":{"_et_pb_use_builder":"on","_et_pb_old_content":"Tst","_et_gb_content_width":"","_monsterinsights_skip_tracking":false,"_monsterinsights_sitenote_active":false,"_monsterinsights_sitenote_note":"","_monsterinsights_sitenote_category":0,"footnotes":""},"categories":[],"tags":[],"class_list":["post-1599","page","type-page","status-publish","hentry"],"yoast_head":"<!-- This site is optimized with the Yoast SEO plugin v25.2 - https:\/\/yoast.com\/wordpress\/plugins\/seo\/ -->\n<title>Dextrose - Blattmann Group<\/title>\n<meta name=\"robots\" content=\"index, follow, max-snippet:-1, max-image-preview:large, max-video-preview:-1\" \/>\n<link rel=\"canonical\" href=\"https:\/\/www.blattmannschweiz.com\/de\/produkte\/suessstoffe\/dextrose\/\" \/>\n<meta property=\"og:locale\" content=\"de_DE\" \/>\n<meta property=\"og:type\" content=\"article\" \/>\n<meta property=\"og:title\" content=\"Dextrose - Blattmann Group\" \/>\n<meta property=\"og:description\" content=\"Dextrose Dextrose Dextrose ist aufgrund ihrer funktionellen, sensorischen und ern\u00e4hrungsphysiologischen Eigenschaften zu einer unumg\u00e4nglichen Zutat in vielen Bereichen der Nahrungsmittel- und Getr\u00e4nkeherstellung geworden. Dank ihrem angenehmen, puren, s\u00fcssen und k\u00fchlenden Geschmack wird sie seit Jahren zum S\u00fcssen in einer breiten Palette von Anwendungen eingesetzt. Bio-Qualit\u00e4t DEXTRODYN*kristalline Dextrose aus Mais Konventionelle Qualit\u00e4t DEXTRODYN*kristalline Dextrose aus Mais [&hellip;]\" \/>\n<meta property=\"og:url\" content=\"https:\/\/www.blattmannschweiz.com\/de\/produkte\/suessstoffe\/dextrose\/\" \/>\n<meta property=\"og:site_name\" content=\"Blattmann Group\" \/>\n<meta property=\"article:publisher\" content=\"https:\/\/www.facebook.com\/BlattmannSchweizAg\" \/>\n<meta property=\"article:modified_time\" content=\"2022-10-18T12:57:31+00:00\" \/>\n<meta property=\"og:image\" content=\"https:\/\/www.blattmannschweiz.com\/wp-content\/uploads\/2017\/10\/organic.png\" \/>\n<meta name=\"twitter:card\" content=\"summary_large_image\" \/>\n<meta name=\"twitter:label1\" content=\"Gesch\u00e4tzte Lesezeit\" \/>\n\t<meta name=\"twitter:data1\" content=\"3\u00a0Minuten\" \/>\n<script type=\"application\/ld+json\" class=\"yoast-schema-graph\">{\"@context\":\"https:\/\/schema.org\",\"@graph\":[{\"@type\":\"WebPage\",\"@id\":\"https:\/\/www.blattmannschweiz.com\/de\/produkte\/suessstoffe\/dextrose\/\",\"url\":\"https:\/\/www.blattmannschweiz.com\/de\/produkte\/suessstoffe\/dextrose\/\",\"name\":\"Dextrose - Blattmann Group\",\"isPartOf\":{\"@id\":\"https:\/\/www.blattmannschweiz.com\/#website\"},\"primaryImageOfPage\":{\"@id\":\"https:\/\/www.blattmannschweiz.com\/de\/produkte\/suessstoffe\/dextrose\/#primaryimage\"},\"image\":{\"@id\":\"https:\/\/www.blattmannschweiz.com\/de\/produkte\/suessstoffe\/dextrose\/#primaryimage\"},\"thumbnailUrl\":\"https:\/\/www.blattmannschweiz.com\/wp-content\/uploads\/2017\/10\/organic.png\",\"datePublished\":\"2017-10-03T20:45:41+00:00\",\"dateModified\":\"2022-10-18T12:57:31+00:00\",\"breadcrumb\":{\"@id\":\"https:\/\/www.blattmannschweiz.com\/de\/produkte\/suessstoffe\/dextrose\/#breadcrumb\"},\"inLanguage\":\"de\",\"potentialAction\":[{\"@type\":\"ReadAction\",\"target\":[\"https:\/\/www.blattmannschweiz.com\/de\/produkte\/suessstoffe\/dextrose\/\"]}]},{\"@type\":\"ImageObject\",\"inLanguage\":\"de\",\"@id\":\"https:\/\/www.blattmannschweiz.com\/de\/produkte\/suessstoffe\/dextrose\/#primaryimage\",\"url\":\"https:\/\/www.blattmannschweiz.com\/wp-content\/uploads\/2017\/10\/organic.png\",\"contentUrl\":\"https:\/\/www.blattmannschweiz.com\/wp-content\/uploads\/2017\/10\/organic.png\"},{\"@type\":\"BreadcrumbList\",\"@id\":\"https:\/\/www.blattmannschweiz.com\/de\/produkte\/suessstoffe\/dextrose\/#breadcrumb\",\"itemListElement\":[{\"@type\":\"ListItem\",\"position\":1,\"name\":\"Home\",\"item\":\"https:\/\/www.blattmannschweiz.com\/de\/\"},{\"@type\":\"ListItem\",\"position\":2,\"name\":\"Produkte\",\"item\":\"https:\/\/www.blattmannschweiz.com\/de\/produkte\/\"},{\"@type\":\"ListItem\",\"position\":3,\"name\":\"S\u00fcssstoffe\",\"item\":\"https:\/\/www.blattmannschweiz.com\/de\/produkte\/suessstoffe\/\"},{\"@type\":\"ListItem\",\"position\":4,\"name\":\"Dextrose\"}]},{\"@type\":\"WebSite\",\"@id\":\"https:\/\/www.blattmannschweiz.com\/#website\",\"url\":\"https:\/\/www.blattmannschweiz.com\/\",\"name\":\"Blattmann Schweiz AG\",\"description\":\"Food ingredients since 1856\",\"publisher\":{\"@id\":\"https:\/\/www.blattmannschweiz.com\/#organization\"},\"potentialAction\":[{\"@type\":\"SearchAction\",\"target\":{\"@type\":\"EntryPoint\",\"urlTemplate\":\"https:\/\/www.blattmannschweiz.com\/?s={search_term_string}\"},\"query-input\":{\"@type\":\"PropertyValueSpecification\",\"valueRequired\":true,\"valueName\":\"search_term_string\"}}],\"inLanguage\":\"de\"},{\"@type\":\"Organization\",\"@id\":\"https:\/\/www.blattmannschweiz.com\/#organization\",\"name\":\"Blattmann Schweiz AG\",\"url\":\"https:\/\/www.blattmannschweiz.com\/\",\"logo\":{\"@type\":\"ImageObject\",\"inLanguage\":\"de\",\"@id\":\"https:\/\/www.blattmannschweiz.com\/#\/schema\/logo\/image\/\",\"url\":\"https:\/\/www.blattmannschweiz.com\/wp-content\/uploads\/2018\/11\/BM-Logo.jpg\",\"contentUrl\":\"https:\/\/www.blattmannschweiz.com\/wp-content\/uploads\/2018\/11\/BM-Logo.jpg\",\"width\":672,\"height\":103,\"caption\":\"Blattmann Schweiz AG\"},\"image\":{\"@id\":\"https:\/\/www.blattmannschweiz.com\/#\/schema\/logo\/image\/\"},\"sameAs\":[\"https:\/\/www.facebook.com\/BlattmannSchweizAg\"]}]}<\/script>\n<!-- \/ Yoast SEO plugin. -->","yoast_head_json":{"title":"Dextrose - Blattmann Group","robots":{"index":"index","follow":"follow","max-snippet":"max-snippet:-1","max-image-preview":"max-image-preview:large","max-video-preview":"max-video-preview:-1"},"canonical":"https:\/\/www.blattmannschweiz.com\/de\/produkte\/suessstoffe\/dextrose\/","og_locale":"de_DE","og_type":"article","og_title":"Dextrose - Blattmann Group","og_description":"Dextrose Dextrose Dextrose ist aufgrund ihrer funktionellen, sensorischen und ern\u00e4hrungsphysiologischen Eigenschaften zu einer unumg\u00e4nglichen Zutat in vielen Bereichen der Nahrungsmittel- und Getr\u00e4nkeherstellung geworden. Dank ihrem angenehmen, puren, s\u00fcssen und k\u00fchlenden Geschmack wird sie seit Jahren zum S\u00fcssen in einer breiten Palette von Anwendungen eingesetzt. Bio-Qualit\u00e4t DEXTRODYN*kristalline Dextrose aus Mais Konventionelle Qualit\u00e4t DEXTRODYN*kristalline Dextrose aus Mais [&hellip;]","og_url":"https:\/\/www.blattmannschweiz.com\/de\/produkte\/suessstoffe\/dextrose\/","og_site_name":"Blattmann Group","article_publisher":"https:\/\/www.facebook.com\/BlattmannSchweizAg","article_modified_time":"2022-10-18T12:57:31+00:00","og_image":[{"url":"https:\/\/www.blattmannschweiz.com\/wp-content\/uploads\/2017\/10\/organic.png","type":"","width":"","height":""}],"twitter_card":"summary_large_image","twitter_misc":{"Gesch\u00e4tzte Lesezeit":"3\u00a0Minuten"},"schema":{"@context":"https:\/\/schema.org","@graph":[{"@type":"WebPage","@id":"https:\/\/www.blattmannschweiz.com\/de\/produkte\/suessstoffe\/dextrose\/","url":"https:\/\/www.blattmannschweiz.com\/de\/produkte\/suessstoffe\/dextrose\/","name":"Dextrose - Blattmann Group","isPartOf":{"@id":"https:\/\/www.blattmannschweiz.com\/#website"},"primaryImageOfPage":{"@id":"https:\/\/www.blattmannschweiz.com\/de\/produkte\/suessstoffe\/dextrose\/#primaryimage"},"image":{"@id":"https:\/\/www.blattmannschweiz.com\/de\/produkte\/suessstoffe\/dextrose\/#primaryimage"},"thumbnailUrl":"https:\/\/www.blattmannschweiz.com\/wp-content\/uploads\/2017\/10\/organic.png","datePublished":"2017-10-03T20:45:41+00:00","dateModified":"2022-10-18T12:57:31+00:00","breadcrumb":{"@id":"https:\/\/www.blattmannschweiz.com\/de\/produkte\/suessstoffe\/dextrose\/#breadcrumb"},"inLanguage":"de","potentialAction":[{"@type":"ReadAction","target":["https:\/\/www.blattmannschweiz.com\/de\/produkte\/suessstoffe\/dextrose\/"]}]},{"@type":"ImageObject","inLanguage":"de","@id":"https:\/\/www.blattmannschweiz.com\/de\/produkte\/suessstoffe\/dextrose\/#primaryimage","url":"https:\/\/www.blattmannschweiz.com\/wp-content\/uploads\/2017\/10\/organic.png","contentUrl":"https:\/\/www.blattmannschweiz.com\/wp-content\/uploads\/2017\/10\/organic.png"},{"@type":"BreadcrumbList","@id":"https:\/\/www.blattmannschweiz.com\/de\/produkte\/suessstoffe\/dextrose\/#breadcrumb","itemListElement":[{"@type":"ListItem","position":1,"name":"Home","item":"https:\/\/www.blattmannschweiz.com\/de\/"},{"@type":"ListItem","position":2,"name":"Produkte","item":"https:\/\/www.blattmannschweiz.com\/de\/produkte\/"},{"@type":"ListItem","position":3,"name":"S\u00fcssstoffe","item":"https:\/\/www.blattmannschweiz.com\/de\/produkte\/suessstoffe\/"},{"@type":"ListItem","position":4,"name":"Dextrose"}]},{"@type":"WebSite","@id":"https:\/\/www.blattmannschweiz.com\/#website","url":"https:\/\/www.blattmannschweiz.com\/","name":"Blattmann Schweiz AG","description":"Food ingredients since 1856","publisher":{"@id":"https:\/\/www.blattmannschweiz.com\/#organization"},"potentialAction":[{"@type":"SearchAction","target":{"@type":"EntryPoint","urlTemplate":"https:\/\/www.blattmannschweiz.com\/?s={search_term_string}"},"query-input":{"@type":"PropertyValueSpecification","valueRequired":true,"valueName":"search_term_string"}}],"inLanguage":"de"},{"@type":"Organization","@id":"https:\/\/www.blattmannschweiz.com\/#organization","name":"Blattmann Schweiz AG","url":"https:\/\/www.blattmannschweiz.com\/","logo":{"@type":"ImageObject","inLanguage":"de","@id":"https:\/\/www.blattmannschweiz.com\/#\/schema\/logo\/image\/","url":"https:\/\/www.blattmannschweiz.com\/wp-content\/uploads\/2018\/11\/BM-Logo.jpg","contentUrl":"https:\/\/www.blattmannschweiz.com\/wp-content\/uploads\/2018\/11\/BM-Logo.jpg","width":672,"height":103,"caption":"Blattmann Schweiz AG"},"image":{"@id":"https:\/\/www.blattmannschweiz.com\/#\/schema\/logo\/image\/"},"sameAs":["https:\/\/www.facebook.com\/BlattmannSchweizAg"]}]}},"_links":{"self":[{"href":"https:\/\/www.blattmannschweiz.com\/de\/wp-json\/wp\/v2\/pages\/1599","targetHints":{"allow":["GET"]}}],"collection":[{"href":"https:\/\/www.blattmannschweiz.com\/de\/wp-json\/wp\/v2\/pages"}],"about":[{"href":"https:\/\/www.blattmannschweiz.com\/de\/wp-json\/wp\/v2\/types\/page"}],"author":[{"embeddable":true,"href":"https:\/\/www.blattmannschweiz.com\/de\/wp-json\/wp\/v2\/users\/6"}],"replies":[{"embeddable":true,"href":"https:\/\/www.blattmannschweiz.com\/de\/wp-json\/wp\/v2\/comments?post=1599"}],"version-history":[{"count":0,"href":"https:\/\/www.blattmannschweiz.com\/de\/wp-json\/wp\/v2\/pages\/1599\/revisions"}],"up":[{"embeddable":true,"href":"https:\/\/www.blattmannschweiz.com\/de\/wp-json\/wp\/v2\/pages\/1500"}],"wp:attachment":[{"href":"https:\/\/www.blattmannschweiz.com\/de\/wp-json\/wp\/v2\/media?parent=1599"}],"wp:term":[{"taxonomy":"category","embeddable":true,"href":"https:\/\/www.blattmannschweiz.com\/de\/wp-json\/wp\/v2\/categories?post=1599"},{"taxonomy":"post_tag","embeddable":true,"href":"https:\/\/www.blattmannschweiz.com\/de\/wp-json\/wp\/v2\/tags?post=1599"}],"curies":[{"name":"wp","href":"https:\/\/api.w.org\/{rel}","templated":true}]}}