{"id":1402,"date":"2017-10-03T09:55:05","date_gmt":"2017-10-03T09:55:05","guid":{"rendered":"https:\/\/www.blattmannschweiz.com\/produkte\/"},"modified":"2024-02-13T11:25:56","modified_gmt":"2024-02-13T11:25:56","slug":"produkte","status":"publish","type":"page","link":"https:\/\/www.blattmannschweiz.com\/de\/produkte\/","title":{"rendered":"Produkte"},"content":{"rendered":"<p>[et_pb_section fb_built=&#8220;1&#8243; _builder_version=&#8220;4.16&#8243; background_color=&#8220;#fafafa&#8220; global_colors_info=&#8220;{}&#8220;][et_pb_row _builder_version=&#8220;4.16&#8243; background_size=&#8220;initial&#8220; background_position=&#8220;top_left&#8220; background_repeat=&#8220;repeat&#8220; custom_padding=&#8220;27px|0px|0px|0px&#8220; global_colors_info=&#8220;{}&#8220;][et_pb_column type=&#8220;4_4&#8243; _builder_version=&#8220;4.16&#8243; custom_padding=&#8220;|||&#8220; global_colors_info=&#8220;{}&#8220; custom_padding__hover=&#8220;|||&#8220;][et_pb_text _builder_version=&#8220;4.16&#8243; background_size=&#8220;initial&#8220; background_position=&#8220;top_left&#8220; background_repeat=&#8220;repeat&#8220; text_orientation=&#8220;center&#8220; module_alignment=&#8220;center&#8220; global_colors_info=&#8220;{}&#8220;]<\/p>\n<h2>Unsere Produkte<\/h2>\n<p>[\/et_pb_text][et_pb_divider color=&#8220;#e7ca71&#8243; divider_weight=&#8220;3px&#8220; _builder_version=&#8220;4.16&#8243; max_width=&#8220;20%&#8220; module_alignment=&#8220;center&#8220; custom_margin=&#8220;|||&#8220; custom_padding=&#8220;-30px|||&#8220; global_colors_info=&#8220;{}&#8220;]&nbsp;<br \/>\n[\/et_pb_divider][\/et_pb_column][\/et_pb_row][et_pb_row column_structure=&#8220;1_3,1_3,1_3&#8243; make_equal=&#8220;on&#8220; _builder_version=&#8220;4.16&#8243; custom_padding=&#8220;0px|0px|0px|0px&#8220; global_colors_info=&#8220;{}&#8220;][et_pb_column type=&#8220;1_3&#8243; _builder_version=&#8220;4.16&#8243; background_color=&#8220;#ffffff&#8220; custom_padding=&#8220;|||&#8220; custom_css_main_element=&#8220;border-bottom: 20px solid #e7ca71;&#8220; custom_css_after=&#8220;||&#8220; global_colors_info=&#8220;{}&#8220; custom_padding__hover=&#8220;|||&#8220;][et_pb_image src=&#8220;https:\/\/www.blattmannschweiz.com\/wp-content\/uploads\/2017\/10\/wheat_spelt_proteins.jpg&#8220; align_tablet=&#8220;center&#8220; align_phone=&#8220;&#8220; align_last_edited=&#8220;on|desktop&#8220; _builder_version=&#8220;4.16&#8243; global_colors_info=&#8220;{}&#8220;]&nbsp;<br \/>\n[\/et_pb_image][et_pb_text _builder_version=&#8220;4.16.0&#8243; background_color=&#8220;#ffffff&#8220; custom_margin=&#8220;-30px||10px|&#8220; custom_padding=&#8220;15px|15px|15px|15px&#8220; global_colors_info=&#8220;{}&#8220;]<\/p>\n<h3>Weizen &amp; Dinkel Proteine<\/h3>\n<p><a title=\"Vital Wheat Gluten\" href=\"http:\/\/www.blattmannschweiz.com\/produkte\/dinkel-weizenproteine\/vitales-weizengluten\/?lang=de\">Vitales Weizengluten &gt;<\/a><br \/>\n<a title=\"Vital Spelt Gluten\" href=\"http:\/\/www.blattmannschweiz.com\/produkte\/dinkel-weizenproteine\/vitales-dinkelgluten\/?lang=de\">Vitales Dinkelgluten &gt;<\/a><br \/>\n<a href=\"https:\/\/www.blattmannschweiz.com\/de\/produkte\/dinkel-weizenproteine\/texturiertes-protein\/\">Texturiertes Protein &gt;<\/a>[\/et_pb_text][\/et_pb_column][et_pb_column type=&#8220;1_3&#8243; _builder_version=&#8220;4.16&#8243; background_color=&#8220;#ffffff&#8220; custom_padding=&#8220;|||&#8220; custom_css_main_element=&#8220;border-bottom: 20px solid #e7ca71;&#8220; global_colors_info=&#8220;{}&#8220; custom_padding__hover=&#8220;|||&#8220;][et_pb_image src=&#8220;https:\/\/www.blattmannschweiz.com\/wp-content\/uploads\/2017\/10\/sweeteners.jpg&#8220; align_tablet=&#8220;center&#8220; align_phone=&#8220;&#8220; align_last_edited=&#8220;on|desktop&#8220; _builder_version=&#8220;4.16&#8243; global_colors_info=&#8220;{}&#8220;]&nbsp;<br \/>\n[\/et_pb_image][et_pb_text _builder_version=&#8220;4.16.0&#8243; background_color=&#8220;#ffffff&#8220; custom_margin=&#8220;-30px||10px|&#8220; custom_padding=&#8220;15px|15px|15px|15px&#8220; global_colors_info=&#8220;{}&#8220;]<\/p>\n<h3>S\u00fcssstoffe<\/h3>\n<p><a title=\"Glukosesirup\" href=\"https:\/\/www.blattmannschweiz.com\/produkte\/suessstoffe\/glukosesirup\/\">Glukosesirup &gt;<br \/><\/a><a title=\"Spr\u00fchgetrocknete Glukose\" href=\"https:\/\/www.blattmannschweiz.com\/produkte\/suessstoffe\/spruehgetrocknete-glukose\/\">Spr\u00fchgetrocknete Glukose\u00a0&gt;<br \/><\/a><a title=\"Maltodextrin\" href=\"https:\/\/www.blattmannschweiz.com\/produkte\/suessstoffe\/maltodextrin\/\">Maltodextrin &gt;<\/a><br \/><a title=\"Dextrose\" href=\"https:\/\/www.blattmannschweiz.com\/produkte\/suessstoffe\/dextrose\/\">Dextrose &gt;<\/a><br \/><a href=\"https:\/\/www.blattmannschweiz.com\/de\/produkte\/suessstoffe\/invertzucker\/\">Invertzucker &gt;<\/a><br \/><a title=\"Erythrit\" href=\"https:\/\/www.blattmannschweiz.com\/de\/produkte\/suessstoffe\/erythrit\/\">Erythrit &gt;<\/a><br \/><a title=\"Trehalose\" href=\"https:\/\/www.blattmannschweiz.com\/de\/produkte\/suessstoffe\/trehalose-2\/\">Trehalose &gt;<\/a><\/p>\n<p>[\/et_pb_text][\/et_pb_column][et_pb_column type=&#8220;1_3&#8243; _builder_version=&#8220;4.16&#8243; background_color=&#8220;#ffffff&#8220; custom_padding=&#8220;|||&#8220; custom_css_main_element=&#8220;border-bottom: 20px solid #e7ca71;&#8220; global_colors_info=&#8220;{}&#8220; custom_padding__hover=&#8220;|||&#8220;][et_pb_image src=&#8220;https:\/\/www.blattmannschweiz.com\/wp-content\/uploads\/2017\/09\/starches.jpg&#8220; align_tablet=&#8220;center&#8220; align_phone=&#8220;&#8220; align_last_edited=&#8220;on|desktop&#8220; _builder_version=&#8220;4.16&#8243; global_colors_info=&#8220;{}&#8220;]&nbsp;<br \/>\n[\/et_pb_image][et_pb_text _builder_version=&#8220;4.16&#8243; background_color=&#8220;#ffffff&#8220; custom_margin=&#8220;-30px||10px|&#8220; custom_padding=&#8220;15px|15px|15px|15px&#8220; global_colors_info=&#8220;{}&#8220;]<\/p>\n<h3>St\u00e4rke &amp; Derivate<\/h3>\n<p><a href=\"http:\/\/www.blattmannschweiz.com\/produkte\/staerke-und-derivate\/clean-label-staerken\/?lang=de\">Clean Label St\u00e4rke &gt;<\/a><br \/>\n<a title=\"Native St\u00e4rke\" href=\"http:\/\/www.blattmannschweiz.com\/produkte\/staerke-und-derivate\/native-staerke\/?lang=de\">Native St\u00e4rke &gt;<\/a><br \/>\n<a title=\"Stabilisierte St\u00e4rke\" href=\"http:\/\/www.blattmannschweiz.com\/produkte\/staerke-und-derivate\/stabilisierte-staerke\/?lang=de\">Stabilisierte St\u00e4rke &gt;<\/a><br \/>\n<a title=\"Quellst\u00e4rke\" href=\"http:\/\/www.blattmannschweiz.com\/produkte\/staerke-und-derivate\/quellstaerke\/?lang=de\">Quellst\u00e4rke &gt;<\/a><br \/>\n<a title=\"Dextrin\" href=\"http:\/\/www.blattmannschweiz.com\/produkte\/staerke-und-derivate\/trockenstaerke-dextrin\/?lang=de\">Dextrin &gt;<\/a>[\/et_pb_text][\/et_pb_column][\/et_pb_row][et_pb_row column_structure=&#8220;1_3,1_3,1_3&#8243; make_equal=&#8220;on&#8220; _builder_version=&#8220;4.23.1&#8243; custom_padding=&#8220;28px|0px|0px|0px&#8220; hover_enabled=&#8220;0&#8243; global_colors_info=&#8220;{}&#8220; sticky_enabled=&#8220;0&#8243;][et_pb_column type=&#8220;1_3&#8243; _builder_version=&#8220;4.16&#8243; background_color=&#8220;#ffffff&#8220; custom_padding=&#8220;|||&#8220; custom_css_main_element=&#8220;border-bottom: 20px solid #e7ca71;&#8220; global_colors_info=&#8220;{}&#8220; custom_padding__hover=&#8220;|||&#8220;][et_pb_image src=&#8220;https:\/\/www.blattmannschweiz.com\/wp-content\/uploads\/2020\/05\/Fava-Bean-Protein-and-Flour-.jpg&#8220; title_text=&#8220;Fava Bean Protein and Flour&#8220; align_tablet=&#8220;center&#8220; align_phone=&#8220;&#8220; align_last_edited=&#8220;on|desktop&#8220; _builder_version=&#8220;4.16&#8243; global_colors_info=&#8220;{}&#8220;]&nbsp;<br \/>\n[\/et_pb_image][et_pb_text _builder_version=&#8220;4.16.0&#8243; background_color=&#8220;#ffffff&#8220; custom_margin=&#8220;-30px||10px|&#8220; custom_padding=&#8220;15px|15px|15px|15px&#8220; global_colors_info=&#8220;{}&#8220;]<\/p>\n<h3>Pflanzliche Proteine und Mehle<\/h3>\n<p><a href=\"https:\/\/www.blattmannschweiz.com\/de\/produkte\/pflanzliche-proteine\/\">Pflanzliche Proteine &gt;<\/a><br \/>\n<a href=\"https:\/\/www.blattmannschweiz.com\/de\/produkte\/mehle-aus-huelsenfruechte\/\">Mehle aus H\u00fclsenfr\u00fcchte &gt;<\/a><\/p>\n<p>&nbsp;[\/et_pb_text][\/et_pb_column][et_pb_column type=&#8220;1_3&#8243; _builder_version=&#8220;4.16&#8243; background_color=&#8220;#ffffff&#8220; custom_padding=&#8220;|||&#8220; custom_css_main_element=&#8220;border-bottom: 20px solid #e7ca71;&#8220; global_colors_info=&#8220;{}&#8220; custom_padding__hover=&#8220;|||&#8220;][et_pb_image src=&#8220;https:\/\/www.blattmannschweiz.com\/wp-content\/uploads\/2020\/06\/Kartoffelprodukte-1024&#215;679.jpg&#8220; title_text=&#8220;Kartoffelprodukte&#8220; align_tablet=&#8220;center&#8220; align_phone=&#8220;&#8220; align_last_edited=&#8220;on|desktop&#8220; _builder_version=&#8220;4.16&#8243; global_colors_info=&#8220;{}&#8220;]&nbsp;<br \/>\n[\/et_pb_image][et_pb_text _builder_version=&#8220;4.16.0&#8243; background_color=&#8220;#ffffff&#8220; custom_margin=&#8220;-30px||10px|&#8220; custom_padding=&#8220;15px|15px|15px|15px&#8220; global_colors_info=&#8220;{}&#8220;]<\/p>\n<h3>Kartoffelprodukte<\/h3>\n<p><a href=\"https:\/\/www.blattmannschweiz.com\/de\/produkte\/kartoffelfaser\/\">Kartoffelfaser &gt;<\/a><br \/><a href=\"https:\/\/www.blattmannschweiz.com\/de\/produkte\/kartoffelflocken\/\">Kartoffelflocken &gt;<\/a><br \/><a href=\"https:\/\/www.blattmannschweiz.com\/de\/produkte\/kartoffelwurfel-und-streifen\/\">Kartoffelw\u00fcrfel und Streifen &gt;<\/a><br \/><a href=\"https:\/\/www.blattmannschweiz.com\/de\/produkte\/kartoffelpulver\/\">Karfoffelpulver &gt;<\/a><\/p>\n<p>&nbsp;<\/p>\n<p>[\/et_pb_text][\/et_pb_column][et_pb_column _builder_version=&#8220;4.23.1&#8243; _module_preset=&#8220;default&#8220; type=&#8220;1_3&#8243; hover_enabled=&#8220;0&#8243; sticky_enabled=&#8220;0&#8243;][\/et_pb_column][\/et_pb_row][et_pb_row _builder_version=&#8220;4.16&#8243; module_alignment=&#8220;center&#8220; custom_padding=&#8220;58px|0px|27px|0px&#8220; global_colors_info=&#8220;{}&#8220;][et_pb_column type=&#8220;4_4&#8243; _builder_version=&#8220;4.16&#8243; custom_padding=&#8220;|||&#8220; global_colors_info=&#8220;{}&#8220; custom_padding__hover=&#8220;|||&#8220;][et_pb_cta button_url=&#8220;https:\/\/www.blattmannschweiz.com\/de\/kontakt\/&#8220; button_text=&#8220;Kontaktieren Sie uns&#8220; _builder_version=&#8220;4.16&#8243; use_background_color=&#8220;off&#8220; custom_button=&#8220;on&#8220; button_text_color=&#8220;#ffffff&#8220; button_bg_color=&#8220;#e7ca71&#8243; button_border_color=&#8220;#e7ca71&#8243; background_layout=&#8220;light&#8220; custom_margin=&#8220;|||&#8220; custom_padding=&#8220;40px||40px|&#8220; border_width_all=&#8220;4px&#8220; border_color_all=&#8220;#e7ca71&#8243; border_style_all=&#8220;solid&#8220; use_border_color=&#8220;on&#8220; border_color=&#8220;#e7ca71&#8243; border_width=&#8220;4px&#8220; global_colors_info=&#8220;{}&#8220; button_text_size__hover_enabled=&#8220;off&#8220; button_one_text_size__hover_enabled=&#8220;off&#8220; button_two_text_size__hover_enabled=&#8220;off&#8220; button_text_color__hover_enabled=&#8220;off&#8220; button_one_text_color__hover_enabled=&#8220;off&#8220; button_two_text_color__hover_enabled=&#8220;off&#8220; button_border_width__hover_enabled=&#8220;off&#8220; button_one_border_width__hover_enabled=&#8220;off&#8220; button_two_border_width__hover_enabled=&#8220;off&#8220; button_border_color__hover_enabled=&#8220;off&#8220; button_one_border_color__hover_enabled=&#8220;off&#8220; button_two_border_color__hover_enabled=&#8220;off&#8220; button_border_radius__hover_enabled=&#8220;off&#8220; button_one_border_radius__hover_enabled=&#8220;off&#8220; button_two_border_radius__hover_enabled=&#8220;off&#8220; button_letter_spacing__hover_enabled=&#8220;off&#8220; button_one_letter_spacing__hover_enabled=&#8220;off&#8220; button_two_letter_spacing__hover_enabled=&#8220;off&#8220; button_bg_color__hover_enabled=&#8220;off&#8220; button_one_bg_color__hover_enabled=&#8220;off&#8220; button_two_bg_color__hover_enabled=&#8220;off&#8220;]Sie finden das Produkte nicht, wonach Sie suchen?<\/p>\n<p>Kein Problem, kontaktieren Sie uns und wir werden das Produkt f\u00fcr Sie finden.<br \/>\n[\/et_pb_cta][\/et_pb_column][\/et_pb_row][\/et_pb_section]<\/p>\n","protected":false},"excerpt":{"rendered":"<p>Unsere Produkte &nbsp; &nbsp; Weizen &amp; Dinkel Proteine Vitales Weizengluten &gt; Vitales Dinkelgluten &gt; Texturiertes Protein &gt;&nbsp; S\u00fcssstoffe Glukosesirup &gt;Spr\u00fchgetrocknete Glukose\u00a0&gt;Maltodextrin &gt;Dextrose &gt;Invertzucker &gt;Erythrit &gt;Trehalose &gt;&nbsp; St\u00e4rke &amp; Derivate Clean Label St\u00e4rke &gt; Native St\u00e4rke &gt; Stabilisierte St\u00e4rke &gt; Quellst\u00e4rke &gt; Dextrin &gt;&nbsp; Pflanzliche Proteine und Mehle Pflanzliche Proteine &gt; Mehle aus H\u00fclsenfr\u00fcchte &gt; &nbsp;&nbsp; [&hellip;]<\/p>\n","protected":false},"author":6,"featured_media":0,"parent":0,"menu_order":0,"comment_status":"closed","ping_status":"closed","template":"","meta":{"_et_pb_use_builder":"on","_et_pb_old_content":"","_et_gb_content_width":"","_monsterinsights_skip_tracking":false,"_monsterinsights_sitenote_active":false,"_monsterinsights_sitenote_note":"","_monsterinsights_sitenote_category":0,"footnotes":""},"categories":[],"tags":[],"class_list":["post-1402","page","type-page","status-publish","hentry"],"yoast_head":"<!-- This site is optimized with the Yoast SEO plugin v25.2 - https:\/\/yoast.com\/wordpress\/plugins\/seo\/ -->\n<title>Produkte - Blattmann Group<\/title>\n<meta name=\"robots\" content=\"index, follow, max-snippet:-1, max-image-preview:large, max-video-preview:-1\" \/>\n<link rel=\"canonical\" href=\"https:\/\/www.blattmannschweiz.com\/de\/produkte\/\" \/>\n<meta property=\"og:locale\" content=\"de_DE\" \/>\n<meta property=\"og:type\" content=\"article\" \/>\n<meta property=\"og:title\" content=\"Produkte - Blattmann Group\" \/>\n<meta property=\"og:description\" content=\"Unsere Produkte &nbsp; &nbsp; Weizen &amp; Dinkel Proteine Vitales Weizengluten &gt; Vitales Dinkelgluten &gt; Texturiertes Protein &gt;&nbsp; S\u00fcssstoffe Glukosesirup &gt;Spr\u00fchgetrocknete Glukose\u00a0&gt;Maltodextrin &gt;Dextrose &gt;Invertzucker &gt;Erythrit &gt;Trehalose &gt;&nbsp; St\u00e4rke &amp; Derivate Clean Label St\u00e4rke &gt; Native St\u00e4rke &gt; Stabilisierte St\u00e4rke &gt; Quellst\u00e4rke &gt; Dextrin &gt;&nbsp; Pflanzliche Proteine und Mehle Pflanzliche Proteine &gt; Mehle aus H\u00fclsenfr\u00fcchte &gt; &nbsp;&nbsp; [&hellip;]\" \/>\n<meta property=\"og:url\" content=\"https:\/\/www.blattmannschweiz.com\/de\/produkte\/\" \/>\n<meta property=\"og:site_name\" content=\"Blattmann Group\" \/>\n<meta property=\"article:publisher\" content=\"https:\/\/www.facebook.com\/BlattmannSchweizAg\" \/>\n<meta property=\"article:modified_time\" content=\"2024-02-13T11:25:56+00:00\" \/>\n<meta name=\"twitter:card\" content=\"summary_large_image\" \/>\n<meta name=\"twitter:label1\" content=\"Gesch\u00e4tzte Lesezeit\" \/>\n\t<meta name=\"twitter:data1\" content=\"5\u00a0Minuten\" \/>\n<script type=\"application\/ld+json\" class=\"yoast-schema-graph\">{\"@context\":\"https:\/\/schema.org\",\"@graph\":[{\"@type\":\"WebPage\",\"@id\":\"https:\/\/www.blattmannschweiz.com\/de\/produkte\/\",\"url\":\"https:\/\/www.blattmannschweiz.com\/de\/produkte\/\",\"name\":\"Produkte - Blattmann Group\",\"isPartOf\":{\"@id\":\"https:\/\/www.blattmannschweiz.com\/#website\"},\"datePublished\":\"2017-10-03T09:55:05+00:00\",\"dateModified\":\"2024-02-13T11:25:56+00:00\",\"breadcrumb\":{\"@id\":\"https:\/\/www.blattmannschweiz.com\/de\/produkte\/#breadcrumb\"},\"inLanguage\":\"de\",\"potentialAction\":[{\"@type\":\"ReadAction\",\"target\":[\"https:\/\/www.blattmannschweiz.com\/de\/produkte\/\"]}]},{\"@type\":\"BreadcrumbList\",\"@id\":\"https:\/\/www.blattmannschweiz.com\/de\/produkte\/#breadcrumb\",\"itemListElement\":[{\"@type\":\"ListItem\",\"position\":1,\"name\":\"Home\",\"item\":\"https:\/\/www.blattmannschweiz.com\/de\/\"},{\"@type\":\"ListItem\",\"position\":2,\"name\":\"Produkte\"}]},{\"@type\":\"WebSite\",\"@id\":\"https:\/\/www.blattmannschweiz.com\/#website\",\"url\":\"https:\/\/www.blattmannschweiz.com\/\",\"name\":\"Blattmann Schweiz AG\",\"description\":\"Food ingredients since 1856\",\"publisher\":{\"@id\":\"https:\/\/www.blattmannschweiz.com\/#organization\"},\"potentialAction\":[{\"@type\":\"SearchAction\",\"target\":{\"@type\":\"EntryPoint\",\"urlTemplate\":\"https:\/\/www.blattmannschweiz.com\/?s={search_term_string}\"},\"query-input\":{\"@type\":\"PropertyValueSpecification\",\"valueRequired\":true,\"valueName\":\"search_term_string\"}}],\"inLanguage\":\"de\"},{\"@type\":\"Organization\",\"@id\":\"https:\/\/www.blattmannschweiz.com\/#organization\",\"name\":\"Blattmann Schweiz AG\",\"url\":\"https:\/\/www.blattmannschweiz.com\/\",\"logo\":{\"@type\":\"ImageObject\",\"inLanguage\":\"de\",\"@id\":\"https:\/\/www.blattmannschweiz.com\/#\/schema\/logo\/image\/\",\"url\":\"https:\/\/www.blattmannschweiz.com\/wp-content\/uploads\/2018\/11\/BM-Logo.jpg\",\"contentUrl\":\"https:\/\/www.blattmannschweiz.com\/wp-content\/uploads\/2018\/11\/BM-Logo.jpg\",\"width\":672,\"height\":103,\"caption\":\"Blattmann Schweiz AG\"},\"image\":{\"@id\":\"https:\/\/www.blattmannschweiz.com\/#\/schema\/logo\/image\/\"},\"sameAs\":[\"https:\/\/www.facebook.com\/BlattmannSchweizAg\"]}]}<\/script>\n<!-- \/ Yoast SEO plugin. -->","yoast_head_json":{"title":"Produkte - Blattmann Group","robots":{"index":"index","follow":"follow","max-snippet":"max-snippet:-1","max-image-preview":"max-image-preview:large","max-video-preview":"max-video-preview:-1"},"canonical":"https:\/\/www.blattmannschweiz.com\/de\/produkte\/","og_locale":"de_DE","og_type":"article","og_title":"Produkte - Blattmann Group","og_description":"Unsere Produkte &nbsp; &nbsp; Weizen &amp; Dinkel Proteine Vitales Weizengluten &gt; Vitales Dinkelgluten &gt; Texturiertes Protein &gt;&nbsp; S\u00fcssstoffe Glukosesirup &gt;Spr\u00fchgetrocknete Glukose\u00a0&gt;Maltodextrin &gt;Dextrose &gt;Invertzucker &gt;Erythrit &gt;Trehalose &gt;&nbsp; St\u00e4rke &amp; Derivate Clean Label St\u00e4rke &gt; Native St\u00e4rke &gt; Stabilisierte St\u00e4rke &gt; Quellst\u00e4rke &gt; Dextrin &gt;&nbsp; Pflanzliche Proteine und Mehle Pflanzliche Proteine &gt; Mehle aus H\u00fclsenfr\u00fcchte &gt; &nbsp;&nbsp; [&hellip;]","og_url":"https:\/\/www.blattmannschweiz.com\/de\/produkte\/","og_site_name":"Blattmann Group","article_publisher":"https:\/\/www.facebook.com\/BlattmannSchweizAg","article_modified_time":"2024-02-13T11:25:56+00:00","twitter_card":"summary_large_image","twitter_misc":{"Gesch\u00e4tzte Lesezeit":"5\u00a0Minuten"},"schema":{"@context":"https:\/\/schema.org","@graph":[{"@type":"WebPage","@id":"https:\/\/www.blattmannschweiz.com\/de\/produkte\/","url":"https:\/\/www.blattmannschweiz.com\/de\/produkte\/","name":"Produkte - Blattmann Group","isPartOf":{"@id":"https:\/\/www.blattmannschweiz.com\/#website"},"datePublished":"2017-10-03T09:55:05+00:00","dateModified":"2024-02-13T11:25:56+00:00","breadcrumb":{"@id":"https:\/\/www.blattmannschweiz.com\/de\/produkte\/#breadcrumb"},"inLanguage":"de","potentialAction":[{"@type":"ReadAction","target":["https:\/\/www.blattmannschweiz.com\/de\/produkte\/"]}]},{"@type":"BreadcrumbList","@id":"https:\/\/www.blattmannschweiz.com\/de\/produkte\/#breadcrumb","itemListElement":[{"@type":"ListItem","position":1,"name":"Home","item":"https:\/\/www.blattmannschweiz.com\/de\/"},{"@type":"ListItem","position":2,"name":"Produkte"}]},{"@type":"WebSite","@id":"https:\/\/www.blattmannschweiz.com\/#website","url":"https:\/\/www.blattmannschweiz.com\/","name":"Blattmann Schweiz AG","description":"Food ingredients since 1856","publisher":{"@id":"https:\/\/www.blattmannschweiz.com\/#organization"},"potentialAction":[{"@type":"SearchAction","target":{"@type":"EntryPoint","urlTemplate":"https:\/\/www.blattmannschweiz.com\/?s={search_term_string}"},"query-input":{"@type":"PropertyValueSpecification","valueRequired":true,"valueName":"search_term_string"}}],"inLanguage":"de"},{"@type":"Organization","@id":"https:\/\/www.blattmannschweiz.com\/#organization","name":"Blattmann Schweiz AG","url":"https:\/\/www.blattmannschweiz.com\/","logo":{"@type":"ImageObject","inLanguage":"de","@id":"https:\/\/www.blattmannschweiz.com\/#\/schema\/logo\/image\/","url":"https:\/\/www.blattmannschweiz.com\/wp-content\/uploads\/2018\/11\/BM-Logo.jpg","contentUrl":"https:\/\/www.blattmannschweiz.com\/wp-content\/uploads\/2018\/11\/BM-Logo.jpg","width":672,"height":103,"caption":"Blattmann Schweiz AG"},"image":{"@id":"https:\/\/www.blattmannschweiz.com\/#\/schema\/logo\/image\/"},"sameAs":["https:\/\/www.facebook.com\/BlattmannSchweizAg"]}]}},"_links":{"self":[{"href":"https:\/\/www.blattmannschweiz.com\/de\/wp-json\/wp\/v2\/pages\/1402","targetHints":{"allow":["GET"]}}],"collection":[{"href":"https:\/\/www.blattmannschweiz.com\/de\/wp-json\/wp\/v2\/pages"}],"about":[{"href":"https:\/\/www.blattmannschweiz.com\/de\/wp-json\/wp\/v2\/types\/page"}],"author":[{"embeddable":true,"href":"https:\/\/www.blattmannschweiz.com\/de\/wp-json\/wp\/v2\/users\/6"}],"replies":[{"embeddable":true,"href":"https:\/\/www.blattmannschweiz.com\/de\/wp-json\/wp\/v2\/comments?post=1402"}],"version-history":[{"count":4,"href":"https:\/\/www.blattmannschweiz.com\/de\/wp-json\/wp\/v2\/pages\/1402\/revisions"}],"predecessor-version":[{"id":5898,"href":"https:\/\/www.blattmannschweiz.com\/de\/wp-json\/wp\/v2\/pages\/1402\/revisions\/5898"}],"wp:attachment":[{"href":"https:\/\/www.blattmannschweiz.com\/de\/wp-json\/wp\/v2\/media?parent=1402"}],"wp:term":[{"taxonomy":"category","embeddable":true,"href":"https:\/\/www.blattmannschweiz.com\/de\/wp-json\/wp\/v2\/categories?post=1402"},{"taxonomy":"post_tag","embeddable":true,"href":"https:\/\/www.blattmannschweiz.com\/de\/wp-json\/wp\/v2\/tags?post=1402"}],"curies":[{"name":"wp","href":"https:\/\/api.w.org\/{rel}","templated":true}]}}